{"id":2582,"date":"2015-06-11T16:37:33","date_gmt":"2015-06-11T14:37:33","guid":{"rendered":"http:\/\/raffiodesign.com\/bozze\/hotelgirasole\/contatti-2\/"},"modified":"2019-06-14T16:22:01","modified_gmt":"2019-06-14T14:22:01","slug":"contacts","status":"publish","type":"page","link":"https:\/\/www.hotelgirasole.com\/fr\/contacts\/","title":{"rendered":"Contacts"},"content":{"rendered":"<div id=\"themify_builder_content-2582\" data-postid=\"2582\" class=\"themify_builder_content themify_builder_content-2582 themify_builder themify_builder_front\">\n\n\t\t\t\t<!-- module_row -->\n\t\t\t<div  data-gutter=\"gutter-default\" class=\"themify_builder_row themify_builder_2582_row module_row module_row_0 clearfix gutter-default col_align_top builder-parallax-scrolling fullwidth\" data-equal-column-height=\"\" data-column-alignment=\"col_align_top\">\n\n\t\t\n\t\t\t\t\n\t\t\t\t<div class=\"row_inner_wrapper\">\n\t\t\t\t\t<div class=\"row_inner\">\n\n\t\t\t\t\t\t\n\t\t\t\t\t\t\n\t\t\t\t\t\t\t\n\t\t<div  class=\"col-full first tb-column  tb_2582_column module_column_0 module_column\" >\n\n\t\t\t\n\t\t\t\n\t\t\t<div class=\"tb-column-inner\">\n\n\t\t\t\t\n\t\t\t\t\n\t\t\t\t\t\n<!-- module text -->\n<div id=\"text-2582-0-0-1\" class=\"module module-text text-2582-0-0-1 slider-interno  \">\n\t\n\t\n\t\n\t<\/div>\n<!-- \/module text -->\n\n\t\t\t\t\n\t\t\t<\/div><!-- \/.tb-column-inner -->\n\t\t\t\t\t<\/div>\n\t\t<!-- \/.tb-column -->\n\t\t\n\t\t\n\t\t\t\t\t\t\t\t\n\t\t\t\t\t\t\t\t\n\t\t\t\t\t\t\t\n\t\t\t\t\t\t<\/div>\n\t\t\t\t\t\t<!-- \/row_inner -->\n\t\t\t\t\t<\/div>\n\t\t\t\t\t<!-- \/row_inner_wrapper -->\n\t\t\t\t<\/div>\n\t\t\t\t<!-- \/module_row -->\n\t\t\t\t\t<!-- module_row -->\n\t\t\t<div  data-gutter=\"gutter-default\" class=\"themify_builder_row themify_builder_2582_row module_row module_row_1 clearfix gutter-default col_align_top\" data-equal-column-height=\"\" data-column-alignment=\"col_align_top\">\n\n\t\t\n\t\t\t\t\n\t\t\t\t<div class=\"row_inner_wrapper\">\n\t\t\t\t\t<div class=\"row_inner\">\n\n\t\t\t\t\t\t\n\t\t\t\t\t\t\n\t\t\t\t\t\t\t\n\t\t<div  class=\"col-full first tb-column  tb_2582_column module_column_0 module_column\" >\n\n\t\t\t\n\t\t\t\n\t\t\t<div class=\"tb-column-inner\">\n\n\t\t\t\t\n\t\t\t\t\n\t\t\t\t\t\n\n    <!-- module widget -->\n    <div id=\"widget-2582-1-0-1\" class=\"module module-widget widget-2582-1-0-1 titolo_pagina  \">\n        <h3 class=\"module-title\">Contacts<\/h3>    <\/div>\n    <!-- \/module widget -->\n\n\n\t\t\t\t\n\t\t\t<\/div><!-- \/.tb-column-inner -->\n\t\t\t\t\t<\/div>\n\t\t<!-- \/.tb-column -->\n\t\t\n\t\t\n\t\t\t\t\t\t\t\t\n\t\t\t\t\t\t\t\t\n\t\t\t\t\t\t\t\n\t\t\t\t\t\t<\/div>\n\t\t\t\t\t\t<!-- \/row_inner -->\n\t\t\t\t\t<\/div>\n\t\t\t\t\t<!-- \/row_inner_wrapper -->\n\t\t\t\t<\/div>\n\t\t\t\t<!-- \/module_row -->\n\t\t\t\t\t<!-- module_row -->\n\t\t\t<div  data-gutter=\"gutter-default\" class=\"themify_builder_row themify_builder_2582_row module_row module_row_2 clearfix gutter-default\" data-equal-column-height=\"\" data-column-alignment=\"\">\n\n\t\t\n\t\t\t\t\n\t\t\t\t<div class=\"row_inner_wrapper\">\n\t\t\t\t\t<div class=\"row_inner\">\n\n\t\t\t\t\t\t\n\t\t\t\t\t\t\n\t\t\t\t\t\t\t\n\t\t<div  class=\"col4-2 first tb-column  tb_2582_column module_column_0 module_column\" >\n\n\t\t\t\n\t\t\t\n\t\t\t<div class=\"tb-column-inner\">\n\n\t\t\t\t\n\t\t\t\t\n\t\t\t\t\t\n<!-- module text -->\n<div id=\"text-2582-2-0-1\" class=\"module module-text text-2582-2-0-1   \">\n\t\n\t\n\t<p><strong>Hotel Girasole<\/strong><br \/>Corso Italia 302<br \/>80067 Sorrento (NA)<br \/>+39 081 8073082 \u2013 +39 081 8071293 (fax)<br \/>Mail: info@hotelgirasole.com<\/p><p>&#8212;<\/p><p>Pour plus d&rsquo;informations, s&rsquo;il vous pla\u00eet remplir le formulaire de contact, nous vous r\u00e9pondrons d\u00e8s que possible. Merci!<\/p><div role=\"form\" class=\"wpcf7\" id=\"wpcf7-f2590-o1\" lang=\"fr-FR\" dir=\"ltr\">\n<div class=\"screen-reader-response\"><p role=\"status\" aria-live=\"polite\" aria-atomic=\"true\"><\/p> <ul><\/ul><\/div>\n<form action=\"\/fr\/wp-json\/wp\/v2\/pages\/2582#wpcf7-f2590-o1\" method=\"post\" class=\"wpcf7-form init\" novalidate=\"novalidate\" data-status=\"init\">\n<div style=\"display: none;\">\n<input type=\"hidden\" name=\"_wpcf7\" value=\"2590\" \/>\n<input type=\"hidden\" name=\"_wpcf7_version\" value=\"5.4\" \/>\n<input type=\"hidden\" name=\"_wpcf7_locale\" value=\"fr_FR\" \/>\n<input type=\"hidden\" name=\"_wpcf7_unit_tag\" value=\"wpcf7-f2590-o1\" \/>\n<input type=\"hidden\" name=\"_wpcf7_container_post\" value=\"0\" \/>\n<input type=\"hidden\" name=\"_wpcf7_posted_data_hash\" value=\"\" \/>\n<input type=\"hidden\" name=\"_wpcf7_recaptcha_response\" value=\"\" \/>\n<\/div>\n<p class=\"piccolo\">les champs marqu\u00e9s d'une * sont obligatoires<\/p>\n<p>Nom et Surnom *<br \/>\n    <span class=\"wpcf7-form-control-wrap your-name\"><input type=\"text\" name=\"your-name\" value=\"\" size=\"40\" class=\"wpcf7-form-control wpcf7-text wpcf7-validates-as-required\" aria-required=\"true\" aria-invalid=\"false\" \/><\/span> <\/p>\n<p>Mail *<br \/>\n    <span class=\"wpcf7-form-control-wrap your-email\"><input type=\"email\" name=\"your-email\" value=\"\" size=\"40\" class=\"wpcf7-form-control wpcf7-text wpcf7-email wpcf7-validates-as-required wpcf7-validates-as-email\" aria-required=\"true\" aria-invalid=\"false\" \/><\/span> <\/p>\n<p>Ph.<br \/>\n   <span class=\"wpcf7-form-control-wrap tel-393\"><input type=\"tel\" name=\"tel-393\" value=\"\" size=\"40\" class=\"wpcf7-form-control wpcf7-text wpcf7-tel wpcf7-validates-as-tel\" aria-invalid=\"false\" \/><\/span><\/p>\n<p>Info<br \/>\n    <span class=\"wpcf7-form-control-wrap your-message\"><textarea name=\"your-message\" cols=\"40\" rows=\"10\" class=\"wpcf7-form-control wpcf7-textarea\" aria-invalid=\"false\"><\/textarea><\/span> <\/p>\n<p>Dichiaro di avere preso visione dell'informativa per il <a href=\"https:\/\/www.hotelgirasole.com\/privacy-policy\/\">trattamento dei dati personali<\/a> e di averla integralmente compresa ed accettata<\/p>\n<p>Hache <span class=\"wpcf7-form-control-wrap acceptance-759\"><span class=\"wpcf7-form-control wpcf7-acceptance\"><span class=\"wpcf7-list-item\"><input type=\"checkbox\" name=\"acceptance-759\" value=\"1\" aria-invalid=\"false\" checked=\"checked\" \/><\/span><\/span><\/span>\n<p><span class=\"wpcf7-form-control-wrap quiz-211\"><label><span class=\"wpcf7-quiz-label\">2 + 2 = ?<\/span> <input type=\"text\" name=\"quiz-211\" size=\"40\" class=\"wpcf7-form-control wpcf7-quiz\" autocomplete=\"off\" aria-required=\"true\" aria-invalid=\"false\" \/><\/label><input type=\"hidden\" name=\"_wpcf7_quiz_answer_quiz-211\" value=\"0e0531cf4251715bb68026a4d064b80e\" \/><\/span><\/p>\n<p><input type=\"submit\" value=\"Envoyer\" class=\"wpcf7-form-control wpcf7-submit\" \/><\/p>\n<div class=\"wpcf7-response-output\" aria-hidden=\"true\"><\/div><\/form><\/div>\n\t<\/div>\n<!-- \/module text -->\n\n\t\t\t\t\n\t\t\t<\/div><!-- \/.tb-column-inner -->\n\t\t\t\t\t<\/div>\n\t\t<!-- \/.tb-column -->\n\t\t\n\t\t\n\t\t<div  class=\"col4-2 last tb-column  tb_2582_column module_column_1 module_column\" >\n\n\t\t\t\n\t\t\t\n\t\t\t<div class=\"tb-column-inner\">\n\n\t\t\t\t\n\t\t\t\t\n\t\t\t\t\t\n<!-- module text -->\n<div id=\"text-2582-2-1-1\" class=\"module module-text text-2582-2-1-1   \">\n\t\t\t<h3 class=\"module-title\">Comment Arriver<\/h3>\t\n\t\n\t<p>L\u2019h\u00f4tel se trouve \u00e0 environ 800 m du centre de Sorrente et \u00e0 600 m de la plage et se rejoint facilement \u00e0 pied o\u00f9 l\u2019on peut prendre en quelques minutes les bus locaux et les trains de la circumvesuviana de Sorrente et de Sant\u2019Agnello.<\/p><p><strong>COMMENT ARRIVER EN AVION<\/strong><br \/>L\u2019A\u00e9roport le plus proche de Sorrente n\u2019est qu\u2019\u00e0 50 km et se situe \u00e0 Naples (Capodichino). L\u2019escale fait la correspondance avec les plus grandes villes italiennes et europ\u00e9ennes avec diff\u00e9rentes compagnies a\u00e9riennes qui font souvent des promotions int\u00e9ressantes selon les saisons. Plusieurs solutions s\u2019offrent \u00e0 vous pour arriver \u00e0 Sorrente depuis l\u2019A\u00e9roport. Le trajet en bus assur\u00e9 par la soci\u00e9t\u00e9 Curreri est sans doute le plus pratique et \u00e9conomique s\u2019il est disponible au moment de votre arriv\u00e9e. L\u2019arr\u00eat du bus se trouve juste devant la sortie \u00ab\u00a0arriv\u00e9es\u00a0\u00bb de l\u2019a\u00e9roport et vous m\u00e8ne en environ une heure (en conditions de trafic tol\u00e9rables) \u00e0 la gare de Sorrente. Il y a comme autres solutions les taxis et les services de transfert que de nombreuses soci\u00e9t\u00e9s sorrentines proposent \u00e0 des prix oscillant entre 80 et 100 euros. Depuis l\u2019a\u00e9roport, il y a des bus, taxis et navettes avec des liaisons pour la gare de la Circumvesuviana pour prendre les trains locaux qui font la correspondance toutes les demi-heures entre Naples et Sorrente et le quai Beverello o\u00f9 des hydroglisseurs et des ferry-boats vont \u00e0 destination de Sorrente. Ces derni\u00e8res solutions ne sont \u00e0 envisager qu\u2019en absence de meilleures alternatives car elles s\u2019av\u00e8rent peu pratiques et fatigantes.<\/p><p><strong>COMMENT ARRIVER EN TRAIN<\/strong><br \/>La gare ferroviaire au centre de Naples sur la place Garibaldi o\u00f9 arrivent des trains des plus grandes villes italiennes dessert Sorrente avec des trains locaux de la Circumvesuviana. Une fois que vous \u00eates arriv\u00e9 \u00e0 la gare de Naples centre, face \u00e0 la sortie des quais, vous prenez les escaliers du passage sous-terrain qui vous m\u00e8nent \u00e0 la Circumvesuviana. Le voyage depuis Naples dure environ une heure et selon les horaires, il peut \u00eatre plus ou moins confortable.<\/p><p><strong>COMMENT ARRIVER EN VOITURE<\/strong><br \/>Quelle que soit votre provenance, prenez l\u2019autoroute en direction de Naples. Poursuivez le long de l\u2019autoroute A3 en direction de la P\u00e9ninsule sorrentine et les sorties au p\u00e9age de Castellammare di Stabia. Depuis Castellammare di Stabia, il suffit de continuer sur la route nationale panoramique pendant environ 23 km. Vous trouverez apr\u00e8s la sortie d\u2019autoroute les diff\u00e9rentes communes de Vico Equense, Meta, Piano di Sorrento, Sant-Agnello avant d\u2019arriver \u00e0 Sorrente. Pendant les p\u00e9riodes de grande fr\u00e9quentation touristique (de juin \u00e0 septembre), les embouteillages touchent la route nationale et il faut compter parfois plus d\u2019une heure pour parcourir les 23 km de Castellammare \u00e0 Sorrente.<\/p><p><strong>COMMENT ARRIVER PAR LA MER<\/strong><br \/>Si vous vous trouvez au centre de Naples, il semblerait plus pratique de vous rendre \u00e0 Sorrente par la mer. On compte en effet plusieurs hydroglisseurs et ferry-boats qui font la liaison entre Naples et Sorrente. Selon les moyens de transport, il faut 40 minutes pour arriver \u00e0 Sorrente. Le voyage est bien plus confortable qu\u2019en train mais co\u00fbte beaucoup plus cher (plus du double). Les hydroglisseurs et les ferry-boats sont arrim\u00e9s au port de Sorrente qui se trouve \u00e0 500 m\u00e8tres du centre que nous conseillons de rejoindre en navette qui assurent la liaison de la porte au centre.<\/p>\n\t<\/div>\n<!-- \/module text -->\n\n\t\t\t\t\n\t\t\t<\/div><!-- \/.tb-column-inner -->\n\t\t\t\t\t<\/div>\n\t\t<!-- \/.tb-column -->\n\t\t\n\t\t\n\t\t\t\t\t\t\t\t\n\t\t\t\t\t\t\t\t\n\t\t\t\t\t\t\t\n\t\t\t\t\t\t<\/div>\n\t\t\t\t\t\t<!-- \/row_inner -->\n\t\t\t\t\t<\/div>\n\t\t\t\t\t<!-- \/row_inner_wrapper -->\n\t\t\t\t<\/div>\n\t\t\t\t<!-- \/module_row -->\n\t\t\t\t\t<!-- module_row -->\n\t\t\t<div  data-gutter=\"gutter-default\" class=\"themify_builder_row themify_builder_2582_row module_row module_row_3 clearfix gutter-default col_align_top fullwidth\" data-equal-column-height=\"\" data-column-alignment=\"col_align_top\">\n\n\t\t\n\t\t\t\t\n\t\t\t\t<div class=\"row_inner_wrapper\">\n\t\t\t\t\t<div class=\"row_inner\">\n\n\t\t\t\t\t\t\n\t\t\t\t\t\t\n\t\t\t\t\t\t\t\n\t\t<div  class=\"col-full first tb-column  tb_2582_column module_column_0 module_column\" >\n\n\t\t\t\n\t\t\t\n\t\t\t<div class=\"tb-column-inner\">\n\n\t\t\t\t\n\t\t\t\t\n\t\t\t\t\t\n<!-- module text -->\n<div id=\"text-2582-3-0-1\" class=\"module module-text text-2582-3-0-1   \">\n\t\n\t\n\t<p><iframe loading=\"lazy\" src=\"https:\/\/www.google.com\/maps\/d\/embed?mid=zga9nNftpRmM.kDZadpBl1MFw\" width=\"100%\" height=\"480\"><\/iframe><\/p>\n\t<\/div>\n<!-- \/module text -->\n\n\t\t\t\t\n\t\t\t<\/div><!-- \/.tb-column-inner -->\n\t\t\t\t\t<\/div>\n\t\t<!-- \/.tb-column -->\n\t\t\n\t\t\n\t\t\t\t\t\t\t\t\n\t\t\t\t\t\t\t\t\n\t\t\t\t\t\t\t\n\t\t\t\t\t\t<\/div>\n\t\t\t\t\t\t<!-- \/row_inner -->\n\t\t\t\t\t<\/div>\n\t\t\t\t\t<!-- \/row_inner_wrapper -->\n\t\t\t\t<\/div>\n\t\t\t\t<!-- \/module_row -->\n\t\t\t\t\t<!-- module_row -->\n\t\t\t<div  data-gutter=\"gutter-default\" class=\"themify_builder_row themify_builder_2582_row module_row module_row_4 clearfix gutter-default col_align_top\" data-equal-column-height=\"\" data-column-alignment=\"col_align_top\">\n\n\t\t\n\t\t\t\t\n\t\t\t\t<div class=\"row_inner_wrapper\">\n\t\t\t\t\t<div class=\"row_inner\">\n\n\t\t\t\t\t\t\n\t\t\t\t\t\t\n\t\t\t\t\t\t\t\n\t\t<div  class=\"col-full first tb-column empty-column tb_2582_column module_column_0 module_column\" >\n\n\t\t\t\n\t\t\t\n\t\t\t<div class=\"tb-column-inner\">\n\n\t\t\t\t\n\t\t\t\t\n\t\t\t\t\t&nbsp;\n\t\t\t\t\n\t\t\t<\/div><!-- \/.tb-column-inner -->\n\t\t\t\t\t<\/div>\n\t\t<!-- \/.tb-column -->\n\t\t\n\t\t\n\t\t\t\t\t\t\t\t\n\t\t\t\t\t\t\t\t\n\t\t\t\t\t\t\t\n\t\t\t\t\t\t<\/div>\n\t\t\t\t\t\t<!-- \/row_inner -->\n\t\t\t\t\t<\/div>\n\t\t\t\t\t<!-- \/row_inner_wrapper -->\n\t\t\t\t<\/div>\n\t\t\t\t<!-- \/module_row -->\n\t\t<\/div>\n<!-- \/themify_builder_content -->","protected":false},"excerpt":{"rendered":"<p>Hotel GirasoleCorso Italia 30280067 Sorrento (NA)+39 081 8073082 \u2013 +39 081 8071293 (fax)Mail: info@hotelgirasole.com&#8211;Pour plus d&rsquo;informations, s&rsquo;il vous pla\u00eet remplir le formulaire de contact, nous vous r\u00e9pondrons d\u00e8s que possible. Merci!<div role=\"form\" class=\"wpcf7\" id=\"wpcf7-f2590-o2\" lang=\"fr-FR\" dir=\"ltr\">\n<div class=\"screen-reader-response\"><p role=\"status\" aria-live=\"polite\" aria-atomic=\"true\"><\/p> <ul><\/ul><\/div>\n<form action=\"\/fr\/wp-json\/wp\/v2\/pages\/2582#wpcf7-f2590-o2\" method=\"post\" class=\"wpcf7-form init\" novalidate=\"novalidate\" data-status=\"init\">\n<div style=\"display: none;\">\n<input type=\"hidden\" name=\"_wpcf7\" value=\"2590\" \/>\n<input type=\"hidden\" name=\"_wpcf7_version\" value=\"5.4\" \/>\n<input type=\"hidden\" name=\"_wpcf7_locale\" value=\"fr_FR\" \/>\n<input type=\"hidden\" name=\"_wpcf7_unit_tag\" value=\"wpcf7-f2590-o2\" \/>\n<input type=\"hidden\" name=\"_wpcf7_container_post\" value=\"0\" \/>\n<input type=\"hidden\" name=\"_wpcf7_posted_data_hash\" value=\"\" \/>\n<input type=\"hidden\" name=\"_wpcf7_recaptcha_response\" value=\"\" \/>\n<\/div>\n<p class=\"piccolo\">les champs marqu\u00e9s d'une * sont obligatoires<\/p>\n<p>Nom et Surnom *<br \/>\n    <span class=\"wpcf7-form-control-wrap your-name\"><input type=\"text\" name=\"your-name\" value=\"\" size=\"40\" class=\"wpcf7-form-control wpcf7-text wpcf7-validates-as-required\" aria-required=\"true\" aria-invalid=\"false\" \/><\/span> <\/p>\n<p>Mail *<br \/>\n    <span class=\"wpcf7-form-control-wrap your-email\"><input type=\"email\" name=\"your-email\" value=\"\" size=\"40\" class=\"wpcf7-form-control wpcf7-text wpcf7-email wpcf7-validates-as-required wpcf7-validates-as-email\" aria-required=\"true\" aria-invalid=\"false\" \/><\/span> <\/p>\n<p>Ph.<br \/>\n   <span class=\"wpcf7-form-control-wrap tel-393\"><input type=\"tel\" name=\"tel-393\" value=\"\" size=\"40\" class=\"wpcf7-form-control wpcf7-text wpcf7-tel wpcf7-validates-as-tel\" aria-invalid=\"false\" \/><\/span><\/p>\n<p>Info<br \/>\n    <span class=\"wpcf7-form-control-wrap your-message\"><textarea name=\"your-message\" cols=\"40\" rows=\"10\" class=\"wpcf7-form-control wpcf7-textarea\" aria-invalid=\"false\"><\/textarea><\/span> <\/p>\n<p>Dichiaro di avere preso visione dell'informativa per il <a href=\"https:\/\/www.hotelgirasole.com\/privacy-policy\/\">trattamento dei dati personali<\/a> e di averla integralmente compresa ed accettata<\/p>\n<p>Hache <span class=\"wpcf7-form-control-wrap acceptance-759\"><span class=\"wpcf7-form-control wpcf7-acceptance\"><span class=\"wpcf7-list-item\"><input type=\"checkbox\" name=\"acceptance-759\" value=\"1\" aria-invalid=\"false\" checked=\"checked\" \/><\/span><\/span><\/span>\n<p><span class=\"wpcf7-form-control-wrap quiz-211\"><label><span class=\"wpcf7-quiz-label\">2 + 2 = ?<\/span> <input type=\"text\" name=\"quiz-211\" size=\"40\" class=\"wpcf7-form-control wpcf7-quiz\" autocomplete=\"off\" aria-required=\"true\" aria-invalid=\"false\" \/><\/label><input type=\"hidden\" name=\"_wpcf7_quiz_answer_quiz-211\" value=\"0e0531cf4251715bb68026a4d064b80e\" \/><\/span><\/p>\n<p><input type=\"submit\" value=\"Envoyer\" class=\"wpcf7-form-control wpcf7-submit\" \/><\/p>\n<div class=\"wpcf7-response-output\" aria-hidden=\"true\"><\/div><\/form><\/div><\/p>\n","protected":false},"author":1,"featured_media":0,"parent":0,"menu_order":0,"comment_status":"open","ping_status":"open","template":"","meta":[],"yoast_head":"<!-- This site is optimized with the Yoast SEO plugin v16.0.2 - https:\/\/yoast.com\/wordpress\/plugins\/seo\/ -->\n<title>Coordonn\u00e9es H\u00f4tel Girasole Sorrento | h\u00f4tel 3 \u00e9toiles Sorrento<\/title>\n<meta name=\"description\" content=\"H\u00f4tel Sunflower fournit leurs coordonn\u00e9es pour vous donner l&#039;occasion de poser toutes les questions que vous servez pour r\u00e9server vos vacances \u00e0 Sorrento\" \/>\n<link rel=\"canonical\" href=\"https:\/\/www.hotelgirasole.com\/fr\/contacts\/\" \/>\n<meta property=\"og:locale\" content=\"fr_FR\" \/>\n<meta property=\"og:type\" content=\"article\" \/>\n<meta property=\"og:title\" content=\"Coordonn\u00e9es H\u00f4tel Girasole Sorrento | h\u00f4tel 3 \u00e9toiles Sorrento\" \/>\n<meta property=\"og:description\" content=\"H\u00f4tel Sunflower fournit leurs coordonn\u00e9es pour vous donner l&#039;occasion de poser toutes les questions que vous servez pour r\u00e9server vos vacances \u00e0 Sorrento\" \/>\n<meta property=\"og:url\" content=\"https:\/\/www.hotelgirasole.com\/fr\/contacts\/\" \/>\n<meta property=\"og:site_name\" content=\"Hotel Girasole\" \/>\n<meta property=\"article:modified_time\" content=\"2019-06-14T14:22:01+00:00\" \/>\n<meta name=\"twitter:card\" content=\"summary\" \/>\n<script type=\"application\/ld+json\" class=\"yoast-schema-graph\">{\"@context\":\"https:\/\/schema.org\",\"@graph\":[{\"@type\":\"WebSite\",\"@id\":\"https:\/\/www.hotelgirasole.com\/en\/#website\",\"url\":\"https:\/\/www.hotelgirasole.com\/en\/\",\"name\":\"Hotel Girasole\",\"description\":\"Ph.+39 0818073082 - info@hotelgirasole.com\",\"potentialAction\":[{\"@type\":\"SearchAction\",\"target\":\"https:\/\/www.hotelgirasole.com\/en\/?s={search_term_string}\",\"query-input\":\"required name=search_term_string\"}],\"inLanguage\":\"fr-FR\"},{\"@type\":\"WebPage\",\"@id\":\"https:\/\/www.hotelgirasole.com\/fr\/contacts\/#webpage\",\"url\":\"https:\/\/www.hotelgirasole.com\/fr\/contacts\/\",\"name\":\"Coordonn\\u00e9es H\\u00f4tel Girasole Sorrento | h\\u00f4tel 3 \\u00e9toiles Sorrento\",\"isPartOf\":{\"@id\":\"https:\/\/www.hotelgirasole.com\/en\/#website\"},\"datePublished\":\"2015-06-11T14:37:33+00:00\",\"dateModified\":\"2019-06-14T14:22:01+00:00\",\"description\":\"H\\u00f4tel Sunflower fournit leurs coordonn\\u00e9es pour vous donner l'occasion de poser toutes les questions que vous servez pour r\\u00e9server vos vacances \\u00e0 Sorrento\",\"breadcrumb\":{\"@id\":\"https:\/\/www.hotelgirasole.com\/fr\/contacts\/#breadcrumb\"},\"inLanguage\":\"fr-FR\",\"potentialAction\":[{\"@type\":\"ReadAction\",\"target\":[\"https:\/\/www.hotelgirasole.com\/fr\/contacts\/\"]}]},{\"@type\":\"BreadcrumbList\",\"@id\":\"https:\/\/www.hotelgirasole.com\/fr\/contacts\/#breadcrumb\",\"itemListElement\":[{\"@type\":\"ListItem\",\"position\":1,\"item\":{\"@type\":\"WebPage\",\"@id\":\"https:\/\/www.hotelgirasole.com\/fr\/\",\"url\":\"https:\/\/www.hotelgirasole.com\/fr\/\",\"name\":\"Home\"}},{\"@type\":\"ListItem\",\"position\":2,\"item\":{\"@type\":\"WebPage\",\"@id\":\"https:\/\/www.hotelgirasole.com\/fr\/contacts\/\",\"url\":\"https:\/\/www.hotelgirasole.com\/fr\/contacts\/\",\"name\":\"Contacts\"}}]}]}<\/script>\n<!-- \/ Yoast SEO plugin. -->","_links":{"self":[{"href":"https:\/\/www.hotelgirasole.com\/fr\/wp-json\/wp\/v2\/pages\/2582"}],"collection":[{"href":"https:\/\/www.hotelgirasole.com\/fr\/wp-json\/wp\/v2\/pages"}],"about":[{"href":"https:\/\/www.hotelgirasole.com\/fr\/wp-json\/wp\/v2\/types\/page"}],"author":[{"embeddable":true,"href":"https:\/\/www.hotelgirasole.com\/fr\/wp-json\/wp\/v2\/users\/1"}],"replies":[{"embeddable":true,"href":"https:\/\/www.hotelgirasole.com\/fr\/wp-json\/wp\/v2\/comments?post=2582"}],"version-history":[{"count":5,"href":"https:\/\/www.hotelgirasole.com\/fr\/wp-json\/wp\/v2\/pages\/2582\/revisions"}],"predecessor-version":[{"id":5163,"href":"https:\/\/www.hotelgirasole.com\/fr\/wp-json\/wp\/v2\/pages\/2582\/revisions\/5163"}],"wp:attachment":[{"href":"https:\/\/www.hotelgirasole.com\/fr\/wp-json\/wp\/v2\/media?parent=2582"}],"curies":[{"name":"wp","href":"https:\/\/api.w.org\/{rel}","templated":true}]}}