{"id":2571,"date":"2015-06-11T16:37:09","date_gmt":"2015-06-11T14:37:09","guid":{"rendered":"http:\/\/raffiodesign.com\/bozze\/hotelgirasole\/recensioni-2\/"},"modified":"2016-12-20T19:21:11","modified_gmt":"2016-12-20T18:21:11","slug":"livre-d-or","status":"publish","type":"page","link":"https:\/\/www.hotelgirasole.com\/fr\/livre-d-or\/","title":{"rendered":"livre d&rsquo;or"},"content":{"rendered":"<div id=\"themify_builder_content-2571\" data-postid=\"2571\" class=\"themify_builder_content themify_builder_content-2571 themify_builder themify_builder_front\">\n\n\t\t\t\t<!-- module_row -->\n\t\t\t<div  data-gutter=\"gutter-default\" class=\"themify_builder_row themify_builder_2571_row module_row module_row_0 clearfix gutter-default builder-parallax-scrolling fullwidth\" data-equal-column-height=\"\" data-column-alignment=\"\">\n\n\t\t\n\t\t\t\t\n\t\t\t\t<div class=\"row_inner_wrapper\">\n\t\t\t\t\t<div class=\"row_inner\">\n\n\t\t\t\t\t\t\n\t\t\t\t\t\t\n\t\t\t\t\t\t\t\n\t\t<div  class=\"col-full first tb-column  tb_2571_column module_column\" >\n\n\t\t\t\n\t\t\t\n\t\t\t<div class=\"tb-column-inner\">\n\n\t\t\t\t\n\t\t\t\t\n\t\t\t\t\t\n<!-- module text -->\n<div id=\"text-2571-0-0-1\" class=\"module module-text text-2571-0-0-1 slider-interno  \">\n\t\n\t\n\t\n\t<\/div>\n<!-- \/module text -->\n\n\t\t\t\t\n\t\t\t<\/div><!-- \/.tb-column-inner -->\n\t\t\t\t\t<\/div>\n\t\t<!-- \/.tb-column -->\n\t\t\n\t\t\n\t\t\t\t\t\t\t\t\n\t\t\t\t\t\t\t\t\n\t\t\t\t\t\t\t\n\t\t\t\t\t\t<\/div>\n\t\t\t\t\t\t<!-- \/row_inner -->\n\t\t\t\t\t<\/div>\n\t\t\t\t\t<!-- \/row_inner_wrapper -->\n\t\t\t\t<\/div>\n\t\t\t\t<!-- \/module_row -->\n\t\t\t\t\t<!-- module_row -->\n\t\t\t<div  data-gutter=\"gutter-default\" class=\"themify_builder_row themify_builder_2571_row module_row module_row_1 clearfix gutter-default\" data-equal-column-height=\"\" data-column-alignment=\"\">\n\n\t\t\n\t\t\t\t\n\t\t\t\t<div class=\"row_inner_wrapper\">\n\t\t\t\t\t<div class=\"row_inner\">\n\n\t\t\t\t\t\t\n\t\t\t\t\t\t\n\t\t\t\t\t\t\t\n\t\t<div  class=\"col-full first tb-column  tb_2571_column module_column\" >\n\n\t\t\t\n\t\t\t\n\t\t\t<div class=\"tb-column-inner\">\n\n\t\t\t\t\n\t\t\t\t\n\t\t\t\t\t\n\n    <!-- module widget -->\n    <div id=\"widget-2571-1-0-1\" class=\"module module-widget widget-2571-1-0-1 titolo_pagina  \">\n        <h3 class=\"module-title\">livre d'or<\/h3>    <\/div>\n    <!-- \/module widget -->\n\n\n\t\t\t\t\n\t\t\t<\/div><!-- \/.tb-column-inner -->\n\t\t\t\t\t<\/div>\n\t\t<!-- \/.tb-column -->\n\t\t\n\t\t\n\t\t\t\t\t\t\t\t\n\t\t\t\t\t\t\t\t\n\t\t\t\t\t\t\t\n\t\t\t\t\t\t<\/div>\n\t\t\t\t\t\t<!-- \/row_inner -->\n\t\t\t\t\t<\/div>\n\t\t\t\t\t<!-- \/row_inner_wrapper -->\n\t\t\t\t<\/div>\n\t\t\t\t<!-- \/module_row -->\n\t\t\t\t\t<!-- module_row -->\n\t\t\t<div  data-gutter=\"gutter-default\" class=\"themify_builder_row themify_builder_2571_row module_row module_row_2 clearfix gutter-default\" data-equal-column-height=\"\" data-column-alignment=\"\">\n\n\t\t\n\t\t\t\t\n\t\t\t\t<div class=\"row_inner_wrapper\">\n\t\t\t\t\t<div class=\"row_inner\">\n\n\t\t\t\t\t\t\n\t\t\t\t\t\t\n\t\t\t\t\t\t\t\n\t\t<div  class=\"col-full first tb-column  tb_2571_column module_column\" >\n\n\t\t\t\n\t\t\t\n\t\t\t<div class=\"tb-column-inner\">\n\n\t\t\t\t\n\t\t\t\t\n\t\t\t\t\t\n    <!-- module testimonial -->\n    <div id=\"testimonial-2571-2-0-1\" class=\"module module-testimonial testimonial-2571-2-0-1  \">\n        \n                <div class=\"builder-posts-wrap testimonial clearfix loops-wrapper grid2\">\n            \n\n\n<article id=\"testimonial-4904\" class=\"post clearfix testimonial-post post-4904 testimonial type-testimonial status-publish hentry testimonial-category-recensioni-fr has-post-title has-post-date has-post-category has-post-tag has-post-comment no-post-author\">\n\t\n\t<div class=\"testimonial-content\">\n\t\t<div class=\"entry-content\">\n\n\t\t\t\t\t\t\t\t\t<h1 class=\"post-title\">LHOAS<\/h1>\n\t\t\t\t\t\n\t\t\t\t\t<p class=\"p1\">Merci pour le s\u00e8jour agr\u00e8able il y a quinze jours.<\/p>\n<div class=\"themify_builder_content-4904 themify_builder in_the_loop not_editable_builder\">\n\n<\/div>\t\t\n\t\t<\/div>\n\t\t<!-- \/.entry-content -->\n\n\t\t\t<\/div>\n\t<!-- \/.testimonial-content -->\n\n\t\t\t\t\t<figure class=\"post-image\">\n\t\t\t\t\t\t\t\t\t\t\t<\/figure>\n\t\t<!-- \/.post-image -->\n\t\t\t\n\t\t\t\t\t<p class=\"testimonial-author\">\n\t\t\t&mdash; <span>LHOAS<\/span>\t\t<\/p>\n\t\t<!-- \/.testimonial-author -->\n\t\t\t\n\t<\/article>\n<!-- \/.testimonial-post -->\n\n\n\n\n<article id=\"testimonial-4895\" class=\"post clearfix testimonial-post post-4895 testimonial type-testimonial status-publish hentry testimonial-category-recensioni-fr has-post-title has-post-date has-post-category has-post-tag has-post-comment no-post-author\">\n\t\n\t<div class=\"testimonial-content\">\n\t\t<div class=\"entry-content\">\n\n\t\t\t\t\t\t\t\t\t<h1 class=\"post-title\">Jacques et Colette MORICEAU<\/h1>\n\t\t\t\t\t\n\t\t\t\t\t<p class=\"p1\">Nous avons pass\u00e8 une superbe semaine dans votre belle r\u00e8gion ( il faudra d&rsquo;ailleurs y revenir tant il y a de belles choses \u00e0 voir .Nous avons particuli\u00e8rement appr\u00e8ci\u00e8 le s\u00e8jour dans votre hotel : au-dela de l&rsquo;hotel tr\u00e8s confortable qui correspondait parfaitement \u00e0 nos attentes, nous avons \u00e9t\u00e9 tr\u00e9s sensibles \u00e0 la d\u00e8coration tr\u00e9s personnalis\u00e9e qui donne une \u00e0ime \u00e0 la grande maison, au jardin luxuriant et tr\u00e8s naturel \u00e0 la fois, au calme, \u00e0 la gentillesse et la disponibilit\u00e8 de chacun d&rsquo;entre vous.Vous avez cr\u00e8\u00e8 une atmosph\u00e8re chaleureuse o\u00f9 l&rsquo;on se sent bien , jamais perdu m\u00e8me si l&rsquo;on ne parle pas italien. Pardon de ne pas avoir eu le temps de profiter de la piscine . Ce sera pour la prochaine fois. Merci encore de votre accueil .<\/p>\n<div class=\"themify_builder_content-4895 themify_builder in_the_loop not_editable_builder\">\n\n<\/div>\t\t\n\t\t<\/div>\n\t\t<!-- \/.entry-content -->\n\n\t\t\t<\/div>\n\t<!-- \/.testimonial-content -->\n\n\t\t\t\t\t<figure class=\"post-image\">\n\t\t\t\t\t\t\t\t\t\t\t<\/figure>\n\t\t<!-- \/.post-image -->\n\t\t\t\n\t\t\t\t\t<p class=\"testimonial-author\">\n\t\t\t&mdash; <span>Jacques et Colette MORICEAU<\/span>\t\t<\/p>\n\t\t<!-- \/.testimonial-author -->\n\t\t\t\n\t<\/article>\n<!-- \/.testimonial-post -->\n\n\n\n\n<article id=\"testimonial-4882\" class=\"post clearfix testimonial-post post-4882 testimonial type-testimonial status-publish hentry testimonial-category-recensioni-fr has-post-title has-post-date has-post-category has-post-tag has-post-comment no-post-author\">\n\t\n\t<div class=\"testimonial-content\">\n\t\t<div class=\"entry-content\">\n\n\t\t\t\t\t\t\t\t\t<h1 class=\"post-title\">AMIOT<\/h1>\n\t\t\t\t\t\n\t\t\t\t\t<p class=\"p1\">Merci de votre accueil et de votre gentillese au plaisir de vous revoir<\/p>\n<div class=\"themify_builder_content-4882 themify_builder in_the_loop not_editable_builder\">\n\n<\/div>\t\t\n\t\t<\/div>\n\t\t<!-- \/.entry-content -->\n\n\t\t\t<\/div>\n\t<!-- \/.testimonial-content -->\n\n\t\t\t\t\t<figure class=\"post-image\">\n\t\t\t\t\t\t\t\t\t\t\t<\/figure>\n\t\t<!-- \/.post-image -->\n\t\t\t\n\t\t\t\t\t<p class=\"testimonial-author\">\n\t\t\t&mdash; <span>AMIOT<\/span>\t\t<\/p>\n\t\t<!-- \/.testimonial-author -->\n\t\t\t\n\t<\/article>\n<!-- \/.testimonial-post -->\n\n\n\n\n<article id=\"testimonial-4870\" class=\"post clearfix testimonial-post post-4870 testimonial type-testimonial status-publish hentry testimonial-category-recensioni-fr has-post-title has-post-date has-post-category has-post-tag has-post-comment no-post-author\">\n\t\n\t<div class=\"testimonial-content\">\n\t\t<div class=\"entry-content\">\n\n\t\t\t\t\t\t\t\t\t<h1 class=\"post-title\">claudy et Jean-Michel<\/h1>\n\t\t\t\t\t\n\t\t\t\t\t<p class=\"p1\">Malgr\u00e8 les fortes pluies sur Sorrente durant notre s\u00e8jour, nous avons appr\u00e8ci\u00e9 le charme de la r\u00e9gion. Mais le plus important pour nous fut d&rsquo;avoir \u00e9t\u00e9 si bien accueillis (en fran\u00e7ais !) dans votre joli et agr\u00e9able hotel. Belles chambres tr\u00e9s bien d\u00e9cor\u00e8es, petit d\u00e9jeuner complet, jardin paradisiaque avec vue splendide sur le V\u00e9suve enneig\u00e9 et le Golfe de Naples. TOUT POUR PASSER DE BELLES VACANCES.<\/p>\n<div class=\"themify_builder_content-4870 themify_builder in_the_loop not_editable_builder\">\n\n<\/div>\t\t\n\t\t<\/div>\n\t\t<!-- \/.entry-content -->\n\n\t\t\t<\/div>\n\t<!-- \/.testimonial-content -->\n\n\t\t\t\t\t<figure class=\"post-image\">\n\t\t\t\t\t\t\t\t\t\t\t<\/figure>\n\t\t<!-- \/.post-image -->\n\t\t\t\n\t\t\t\t\t<p class=\"testimonial-author\">\n\t\t\t&mdash; <span>claudy et Jean-Michel<\/span>\t\t<\/p>\n\t\t<!-- \/.testimonial-author -->\n\t\t\t\n\t<\/article>\n<!-- \/.testimonial-post -->\n\n        <\/div><!-- .builder-posts-wrap -->\n             \n            <\/div>\n    <!-- \/module testimonial -->\n    \n\n\t\t\t\t\n\t\t\t<\/div><!-- \/.tb-column-inner -->\n\t\t\t\t\t<\/div>\n\t\t<!-- \/.tb-column -->\n\t\t\n\t\t\n\t\t\t\t\t\t\t\t\n\t\t\t\t\t\t\t\t\n\t\t\t\t\t\t\t\n\t\t\t\t\t\t<\/div>\n\t\t\t\t\t\t<!-- \/row_inner -->\n\t\t\t\t\t<\/div>\n\t\t\t\t\t<!-- \/row_inner_wrapper -->\n\t\t\t\t<\/div>\n\t\t\t\t<!-- \/module_row -->\n\t\t\t\t\t<!-- module_row -->\n\t\t\t<div  data-gutter=\"gutter-default\" class=\"themify_builder_row themify_builder_2571_row module_row module_row_3 clearfix gutter-default\" data-equal-column-height=\"\" data-column-alignment=\"\">\n\n\t\t\n\t\t\t\t\n\t\t\t\t<div class=\"row_inner_wrapper\">\n\t\t\t\t\t<div class=\"row_inner\">\n\n\t\t\t\t\t\t\n\t\t\t\t\t\t\n\t\t\t\t\t\t\t\n\t\t<div  class=\"col3-1 first tb-column  tb_2571_column module_column\" >\n\n\t\t\t\n\t\t\t\n\t\t\t<div class=\"tb-column-inner\">\n\n\t\t\t\t\n\t\t\t\t\n\t\t\t\t\t\n\t<!-- module accordion -->\n\t<div id=\"accordion-2571-3-0-1\" class=\"module module-accordion accordion-2571-3-0-1 blocchi-offerta \" data-behavior=\"toggle\">\n\n\t\t\n\t\t\n\t\t<ul class=\"ui module-accordion default   transparent\">\n\t\t\t\t\t\t\t<li >\n\t\t\t\t\t<div class=\"accordion-title\">\n\t\t\t\t\t\t<a href=\"#\">\n\t\t\t\t\t\t\t\t\t\t\t\t\t\t\t\t\t\t\t\t\tDonnez votre avis\t\t\t\t\t\t<\/a>\n\t\t\t\t\t<\/div>\n\t\t\t\t\t<div class=\"accordion-content default-closed clearfix\">\n\t\t\t\t\t\t<div role=\"form\" class=\"wpcf7\" id=\"wpcf7-f2596-o1\" lang=\"fr-FR\" dir=\"ltr\">\n<div class=\"screen-reader-response\"><p role=\"status\" aria-live=\"polite\" aria-atomic=\"true\"><\/p> <ul><\/ul><\/div>\n<form action=\"\/fr\/wp-json\/wp\/v2\/pages\/2571#wpcf7-f2596-o1\" method=\"post\" class=\"wpcf7-form init\" novalidate=\"novalidate\" data-status=\"init\">\n<div style=\"display: none;\">\n<input type=\"hidden\" name=\"_wpcf7\" value=\"2596\" \/>\n<input type=\"hidden\" name=\"_wpcf7_version\" value=\"5.4\" \/>\n<input type=\"hidden\" name=\"_wpcf7_locale\" value=\"fr_FR\" \/>\n<input type=\"hidden\" name=\"_wpcf7_unit_tag\" value=\"wpcf7-f2596-o1\" \/>\n<input type=\"hidden\" name=\"_wpcf7_container_post\" value=\"0\" \/>\n<input type=\"hidden\" name=\"_wpcf7_posted_data_hash\" value=\"\" \/>\n<input type=\"hidden\" name=\"_wpcf7_recaptcha_response\" value=\"\" \/>\n<\/div>\n<p class=\"piccolo\">les champs marqu\u00e9s d'une * sont obligatoires<\/p>\n<p>Nom et surnom *<br \/>\n    <span class=\"wpcf7-form-control-wrap your-name\"><input type=\"text\" name=\"your-name\" value=\"\" size=\"40\" class=\"wpcf7-form-control wpcf7-text wpcf7-validates-as-required\" aria-required=\"true\" aria-invalid=\"false\" \/><\/span> <\/p>\n<p>Mail *<br \/>\n    <span class=\"wpcf7-form-control-wrap your-email\"><input type=\"email\" name=\"your-email\" value=\"\" size=\"40\" class=\"wpcf7-form-control wpcf7-text wpcf7-email wpcf7-validates-as-required wpcf7-validates-as-email\" aria-required=\"true\" aria-invalid=\"false\" \/><\/span> <\/p>\n<p>Permanence des donn\u00e9es *<br \/>\n   <span class=\"wpcf7-form-control-wrap data\"><input type=\"text\" name=\"data\" value=\"\" size=\"40\" class=\"wpcf7-form-control wpcf7-text wpcf7-validates-as-required\" aria-required=\"true\" aria-invalid=\"false\" \/><\/span>\n<p>Examen<br \/>\n    <span class=\"wpcf7-form-control-wrap your-message\"><textarea name=\"your-message\" cols=\"40\" rows=\"10\" class=\"wpcf7-form-control wpcf7-textarea\" aria-invalid=\"false\"><\/textarea><\/span> <\/p>\n<p>Dichiaro di avere preso visione dell'informativa per il <a href=\"https:\/\/www.hotelgirasole.com\/privacy-policy\/\">trattamento dei dati personali<\/a> e di averla integralmente compresa ed accettata<\/p>\n<p>Hache <span class=\"wpcf7-form-control-wrap acceptance-759\"><span class=\"wpcf7-form-control wpcf7-acceptance\"><span class=\"wpcf7-list-item\"><input type=\"checkbox\" name=\"acceptance-759\" value=\"1\" aria-invalid=\"false\" checked=\"checked\" \/><\/span><\/span><\/span>\n<p><span class=\"wpcf7-form-control-wrap quiz-211\"><label><span class=\"wpcf7-quiz-label\">2 + 2 = ?<\/span> <input type=\"text\" name=\"quiz-211\" size=\"40\" class=\"wpcf7-form-control wpcf7-quiz\" autocomplete=\"off\" aria-required=\"true\" aria-invalid=\"false\" \/><\/label><input type=\"hidden\" name=\"_wpcf7_quiz_answer_quiz-211\" value=\"0e0531cf4251715bb68026a4d064b80e\" \/><\/span><\/p>\n<p><input type=\"submit\" value=\"Envoyer\" class=\"wpcf7-form-control wpcf7-submit\" \/><\/p>\n<div class=\"wpcf7-response-output\" aria-hidden=\"true\"><\/div><\/form><\/div>\t\t\t\t\t<\/div>\n\t\t\t\t<\/li>\n\t\t\t\t\t<\/ul>\n\n\t\t\n\t<\/div>\n\t<!-- \/module accordion -->\n\n\n\t\t\t\t\n\t\t\t<\/div><!-- \/.tb-column-inner -->\n\t\t\t\t\t<\/div>\n\t\t<!-- \/.tb-column -->\n\t\t\n\t\t\n\t\t<div  class=\"col3-1 middle tb-column empty-column tb_2571_column module_column\" >\n\n\t\t\t\n\t\t\t\n\t\t\t<div class=\"tb-column-inner\">\n\n\t\t\t\t\n\t\t\t\t\n\t\t\t\t\t&nbsp;\n\t\t\t\t\n\t\t\t<\/div><!-- \/.tb-column-inner -->\n\t\t\t\t\t<\/div>\n\t\t<!-- \/.tb-column -->\n\t\t\n\t\t\n\t\t<div  class=\"col3-1 last tb-column empty-column tb_2571_column module_column\" >\n\n\t\t\t\n\t\t\t\n\t\t\t<div class=\"tb-column-inner\">\n\n\t\t\t\t\n\t\t\t\t\n\t\t\t\t\t&nbsp;\n\t\t\t\t\n\t\t\t<\/div><!-- \/.tb-column-inner -->\n\t\t\t\t\t<\/div>\n\t\t<!-- \/.tb-column -->\n\t\t\n\t\t\n\t\t\t\t\t\t\t\t\n\t\t\t\t\t\t\t\t\n\t\t\t\t\t\t\t\n\t\t\t\t\t\t<\/div>\n\t\t\t\t\t\t<!-- \/row_inner -->\n\t\t\t\t\t<\/div>\n\t\t\t\t\t<!-- \/row_inner_wrapper -->\n\t\t\t\t<\/div>\n\t\t\t\t<!-- \/module_row -->\n\t\t<\/div>\n<!-- \/themify_builder_content -->","protected":false},"excerpt":{"rendered":"","protected":false},"author":1,"featured_media":0,"parent":0,"menu_order":0,"comment_status":"open","ping_status":"open","template":"","meta":[],"yoast_head":"<!-- This site is optimized with the Yoast SEO plugin v16.0.2 - https:\/\/yoast.com\/wordpress\/plugins\/seo\/ -->\n<title>Commentaires L&#039;h\u00f4tel Sorrento H\u00f4tels | 3 \u00e9toiles Sorrento<\/title>\n<meta name=\"description\" content=\"Lire tous les avis laiss\u00e9s par nos clients\" \/>\n<link rel=\"canonical\" href=\"https:\/\/www.hotelgirasole.com\/fr\/livre-d-or\/\" \/>\n<meta property=\"og:locale\" content=\"fr_FR\" \/>\n<meta property=\"og:type\" content=\"article\" \/>\n<meta property=\"og:title\" content=\"Commentaires L&#039;h\u00f4tel Sorrento H\u00f4tels | 3 \u00e9toiles Sorrento\" \/>\n<meta property=\"og:description\" content=\"Lire tous les avis laiss\u00e9s par nos clients\" \/>\n<meta property=\"og:url\" content=\"https:\/\/www.hotelgirasole.com\/fr\/livre-d-or\/\" \/>\n<meta property=\"og:site_name\" content=\"Hotel Girasole\" \/>\n<meta property=\"article:modified_time\" content=\"2016-12-20T18:21:11+00:00\" \/>\n<meta name=\"twitter:card\" content=\"summary\" \/>\n<script type=\"application\/ld+json\" class=\"yoast-schema-graph\">{\"@context\":\"https:\/\/schema.org\",\"@graph\":[{\"@type\":\"WebSite\",\"@id\":\"https:\/\/www.hotelgirasole.com\/en\/#website\",\"url\":\"https:\/\/www.hotelgirasole.com\/en\/\",\"name\":\"Hotel Girasole\",\"description\":\"Ph.+39 0818073082 - info@hotelgirasole.com\",\"potentialAction\":[{\"@type\":\"SearchAction\",\"target\":\"https:\/\/www.hotelgirasole.com\/en\/?s={search_term_string}\",\"query-input\":\"required name=search_term_string\"}],\"inLanguage\":\"fr-FR\"},{\"@type\":\"WebPage\",\"@id\":\"https:\/\/www.hotelgirasole.com\/fr\/livre-d-or\/#webpage\",\"url\":\"https:\/\/www.hotelgirasole.com\/fr\/livre-d-or\/\",\"name\":\"Commentaires L'h\\u00f4tel Sorrento H\\u00f4tels | 3 \\u00e9toiles Sorrento\",\"isPartOf\":{\"@id\":\"https:\/\/www.hotelgirasole.com\/en\/#website\"},\"datePublished\":\"2015-06-11T14:37:09+00:00\",\"dateModified\":\"2016-12-20T18:21:11+00:00\",\"description\":\"Lire tous les avis laiss\\u00e9s par nos clients\",\"breadcrumb\":{\"@id\":\"https:\/\/www.hotelgirasole.com\/fr\/livre-d-or\/#breadcrumb\"},\"inLanguage\":\"fr-FR\",\"potentialAction\":[{\"@type\":\"ReadAction\",\"target\":[\"https:\/\/www.hotelgirasole.com\/fr\/livre-d-or\/\"]}]},{\"@type\":\"BreadcrumbList\",\"@id\":\"https:\/\/www.hotelgirasole.com\/fr\/livre-d-or\/#breadcrumb\",\"itemListElement\":[{\"@type\":\"ListItem\",\"position\":1,\"item\":{\"@type\":\"WebPage\",\"@id\":\"https:\/\/www.hotelgirasole.com\/fr\/\",\"url\":\"https:\/\/www.hotelgirasole.com\/fr\/\",\"name\":\"Home\"}},{\"@type\":\"ListItem\",\"position\":2,\"item\":{\"@type\":\"WebPage\",\"@id\":\"https:\/\/www.hotelgirasole.com\/fr\/livre-d-or\/\",\"url\":\"https:\/\/www.hotelgirasole.com\/fr\/livre-d-or\/\",\"name\":\"livre d&rsquo;or\"}}]}]}<\/script>\n<!-- \/ Yoast SEO plugin. -->","_links":{"self":[{"href":"https:\/\/www.hotelgirasole.com\/fr\/wp-json\/wp\/v2\/pages\/2571"}],"collection":[{"href":"https:\/\/www.hotelgirasole.com\/fr\/wp-json\/wp\/v2\/pages"}],"about":[{"href":"https:\/\/www.hotelgirasole.com\/fr\/wp-json\/wp\/v2\/types\/page"}],"author":[{"embeddable":true,"href":"https:\/\/www.hotelgirasole.com\/fr\/wp-json\/wp\/v2\/users\/1"}],"replies":[{"embeddable":true,"href":"https:\/\/www.hotelgirasole.com\/fr\/wp-json\/wp\/v2\/comments?post=2571"}],"version-history":[{"count":3,"href":"https:\/\/www.hotelgirasole.com\/fr\/wp-json\/wp\/v2\/pages\/2571\/revisions"}],"predecessor-version":[{"id":4984,"href":"https:\/\/www.hotelgirasole.com\/fr\/wp-json\/wp\/v2\/pages\/2571\/revisions\/4984"}],"wp:attachment":[{"href":"https:\/\/www.hotelgirasole.com\/fr\/wp-json\/wp\/v2\/media?parent=2571"}],"curies":[{"name":"wp","href":"https:\/\/api.w.org\/{rel}","templated":true}]}}