{"id":2507,"date":"2015-06-10T15:10:45","date_gmt":"2015-06-10T13:10:45","guid":{"rendered":"http:\/\/raffiodesign.com\/bozze\/hotelgirasole\/home-2\/"},"modified":"2016-12-20T19:13:05","modified_gmt":"2016-12-20T18:13:05","slug":"home","status":"publish","type":"page","link":"https:\/\/www.hotelgirasole.com\/fr\/","title":{"rendered":"home"},"content":{"rendered":"<div id=\"themify_builder_content-2507\" data-postid=\"2507\" class=\"themify_builder_content themify_builder_content-2507 themify_builder themify_builder_front\">\n\n\t\t\t\t<!-- module_row -->\n\t\t\t<div  data-gutter=\"gutter-default\" class=\"themify_builder_row themify_builder_2507_row module_row module_row_0 clearfix gutter-default fullcover fullwidth fullheight\" data-equal-column-height=\"\" data-column-alignment=\"\">\n\n\t\t\n\t\t\t\t\n\t\t\t\t<div id=\"row-slider-0\" class=\"row-slider\"\n\t\t\t\t\t data-bgmode=\"fullcover\">\n\t\t\t\t\t<ul class=\"row-slider-slides clearfix\">\n\t\t\t                                    <li data-bg=\"https:\/\/www.hotelgirasole.com\/wp-content\/uploads\/12-1024x682.jpg\">\n                                                    <a class=\"row-slider-dot\" data-index=\"0\"><\/a>\n                                    <\/li>\n\t\t\t\t                                    <li data-bg=\"https:\/\/www.hotelgirasole.com\/wp-content\/uploads\/41-1024x682.jpg\">\n                                                    <a class=\"row-slider-dot\" data-index=\"1\"><\/a>\n                                    <\/li>\n\t\t\t\t\t\t\t\t\t<\/ul>\n\t\t\t\t\t<div class=\"row-slider-nav\">\n\t\t\t\t\t\t<a class=\"row-slider-arrow row-slider-prev\">&lsaquo;<\/a>\n\t\t\t\t\t\t<a class=\"row-slider-arrow row-slider-next\">&rsaquo;<\/a>\n\t\t\t\t\t<\/div>\n\t\t\t\t<\/div>\n\t\t\t\t<!-- \/.row-bgs -->\n\t\t\t\n\t\t\t\t<div class=\"row_inner_wrapper\">\n\t\t\t\t\t<div class=\"row_inner\">\n\n\t\t\t\t\t\t\n\t\t\t\t\t\t\n\t\t\t\t\t\t\t\n\t\t<div  class=\"col-full first tb-column  tb_2507_column module_column\" >\n\n\t\t\t\n\t\t\t\n\t\t\t<div class=\"tb-column-inner\">\n\n\t\t\t\t\n\t\t\t\t\n\t\t\t\t\t\n<!-- module text -->\n<div id=\"text-2507-0-0-1\" class=\"module module-text text-2507-0-0-1 titolo_slide  \">\n\t\n\t\n\t<p>Hotel Girasole Sorrento<\/p>\n\t<\/div>\n<!-- \/module text -->\n\n\t\t\t\t\n\t\t\t<\/div><!-- \/.tb-column-inner -->\n\t\t\t\t\t<\/div>\n\t\t<!-- \/.tb-column -->\n\t\t\n\t\t\n\t\t\t\t\t\t\t\t\n\t\t\t\t\t\t\t\t\n\t\t\t\t\t\t\t\n\t\t\t\t\t\t<\/div>\n\t\t\t\t\t\t<!-- \/row_inner -->\n\t\t\t\t\t<\/div>\n\t\t\t\t\t<!-- \/row_inner_wrapper -->\n\t\t\t\t<\/div>\n\t\t\t\t<!-- \/module_row -->\n\t\t\t\t\t<!-- module_row -->\n\t\t\t<div  data-gutter=\"gutter-default\" class=\"themify_builder_row themify_builder_2507_row module_row module_row_1 clearfix gutter-default topbooking\" data-equal-column-height=\"\" data-column-alignment=\"\">\n\n\t\t\n\t\t\t\t\n\t\t\t\t<div class=\"row_inner_wrapper\">\n\t\t\t\t\t<div class=\"row_inner\">\n\n\t\t\t\t\t\t\n\t\t\t\t\t\t\n\t\t\t\t\t\t\t\n\t\t<div  class=\"col-full first tb-column  tb_2507_column module_column\" >\n\n\t\t\t\n\t\t\t\n\t\t\t<div class=\"tb-column-inner\">\n\n\t\t\t\t\n\t\t\t\t\n\t\t\t\t\t\n\n    <!-- module widget -->\n    <div id=\"widget-2507-1-0-1\" class=\"module module-widget widget-2507-1-0-1 titolo_pagina  \">\n        <h3 class=\"module-title\">Bienvenue<\/h3>    <\/div>\n    <!-- \/module widget -->\n\n\n\t\t\t\t\n\t\t\t<\/div><!-- \/.tb-column-inner -->\n\t\t\t\t\t<\/div>\n\t\t<!-- \/.tb-column -->\n\t\t\n\t\t\n\t\t\t\t\t\t\t\t\n\t\t\t\t\t\t\t\t\n\t\t\t\t\t\t\t\n\t\t\t\t\t\t<\/div>\n\t\t\t\t\t\t<!-- \/row_inner -->\n\t\t\t\t\t<\/div>\n\t\t\t\t\t<!-- \/row_inner_wrapper -->\n\t\t\t\t<\/div>\n\t\t\t\t<!-- \/module_row -->\n\t\t\t\t\t<!-- module_row -->\n\t\t\t<div  data-gutter=\"gutter-narrow\" class=\"themify_builder_row themify_builder_2507_row module_row module_row_2 clearfix gutter-narrow bkg_testo\" data-equal-column-height=\"\" data-column-alignment=\"\">\n\n\t\t\n\t\t\t\t\n\t\t\t\t<div class=\"row_inner_wrapper\">\n\t\t\t\t\t<div class=\"row_inner\">\n\n\t\t\t\t\t\t\n\t\t\t\t\t\t\n\t\t\t\t\t\t\t\n\t\t<div  class=\"col4-2 first tb-column  tb_2507_column module_column\" >\n\n\t\t\t\n\t\t\t\n\t\t\t<div class=\"tb-column-inner\">\n\n\t\t\t\t\n\t\t\t\t\n\t\t\t\t\t\n<!-- module text -->\n<div id=\"text-2507-2-0-1\" class=\"module module-text text-2507-2-0-1 blocco-text-sx  wow bounceInLeft\">\n\t\n\t\n\t<p class=\"p1\"><span class=\"s1\">L\u2019<\/span><span class=\"s2\"><b>H\u00f4tel Girasole<\/b><\/span><span class=\"s1\"> est un <\/span><span class=\"s2\"><b>charmant h\u00f4tel 3 \u00e9toiles<\/b><\/span><span class=\"s1\"> situ\u00e9 \u00e0 l\u2019entr\u00e9e de Sorrente, \u00e0 deux pas du centre historique.\u00a0<\/span><span class=\"s1\">L\u2019h\u00f4tel \u00e0 gestion familiale r\u00e9serve un accueil chaleureux et courtois \u00e0 ses h\u00f4tes qui appr\u00e9cieront ce lieu intime et familial o\u00f9 l\u2019on se sent chez soi entour\u00e9 d\u2019amis et de proches.<\/span><\/p><p class=\"p1\">\u00a0<\/p>\n\t<\/div>\n<!-- \/module text -->\n\n\t\t\t\t\n\t\t\t<\/div><!-- \/.tb-column-inner -->\n\t\t\t\t\t<\/div>\n\t\t<!-- \/.tb-column -->\n\t\t\n\t\t\n\t\t<div  class=\"col4-2 last tb-column  tb_2507_column module_column\" >\n\n\t\t\t\n\t\t\t\n\t\t\t<div class=\"tb-column-inner\">\n\n\t\t\t\t\n\t\t\t\t\n\t\t\t\t\t\n<!-- module text -->\n<div id=\"text-2507-2-1-1\" class=\"module module-text text-2507-2-1-1 blocco-text-dx  wow bounceInRight\">\n\t\n\t\n\t<p class=\"p1\"><span class=\"s1\">Suite aux r\u00e9cents travaux de r\u00e9novation, l\u2019h\u00f4tel offre plus de confort et de services gages d\u2019une atmosph\u00e8re plus accueillante et chaleureuse.\u00a0<\/span><span class=\"s1\">L\u2019<\/span><span class=\"s2\"><b>h\u00f4tel Girasole<\/b><\/span><span class=\"s1\"> a pr\u00e9vu tous les services et les petits plus pour faire passer des <\/span><span class=\"s2\"><b>vacances inoubliables<\/b><\/span><span class=\"s1\"> \u00e0 ses h\u00f4tes.<\/span><\/p>\n\t<\/div>\n<!-- \/module text -->\n\n\t\t\t\t\n\t\t\t<\/div><!-- \/.tb-column-inner -->\n\t\t\t\t\t<\/div>\n\t\t<!-- \/.tb-column -->\n\t\t\n\t\t\n\t\t\t\t\t\t\t\t\n\t\t\t\t\t\t\t\t\n\t\t\t\t\t\t\t\n\t\t\t\t\t\t<\/div>\n\t\t\t\t\t\t<!-- \/row_inner -->\n\t\t\t\t\t<\/div>\n\t\t\t\t\t<!-- \/row_inner_wrapper -->\n\t\t\t\t<\/div>\n\t\t\t\t<!-- \/module_row -->\n\t\t\t\t\t<!-- module_row -->\n\t\t\t<div  data-gutter=\"gutter-default\" class=\"themify_builder_row themify_builder_2507_row module_row module_row_3 clearfix gutter-default\" data-equal-column-height=\"\" data-column-alignment=\"\">\n\n\t\t\n\t\t\t\t\n\t\t\t\t<div class=\"row_inner_wrapper\">\n\t\t\t\t\t<div class=\"row_inner\">\n\n\t\t\t\t\t\t\n\t\t\t\t\t\t\n\t\t\t\t\t\t\t\n\t\t<div  class=\"col-full first tb-column  tb_2507_column module_column\" >\n\n\t\t\t\n\t\t\t\n\t\t\t<div class=\"tb-column-inner\">\n\n\t\t\t\t\n\t\t\t\t\n\t\t\t\t\t\n    <!-- module divider -->\n    <div id=\"divider-2507-3-0-1\" class=\"module module-divider divider-2507-3-0-1 solid   divider-fullwidth \" style=\"border-width: 1px;border-color: rgba(142,126,108, 1);margin-top: 20px;margin-bottom: 20px;\">\n            <\/div>\n    <!-- \/module divider -->\n\n\n\t\t\t\t\n\t\t\t<\/div><!-- \/.tb-column-inner -->\n\t\t\t\t\t<\/div>\n\t\t<!-- \/.tb-column -->\n\t\t\n\t\t\n\t\t\t\t\t\t\t\t\n\t\t\t\t\t\t\t\t\n\t\t\t\t\t\t\t\n\t\t\t\t\t\t<\/div>\n\t\t\t\t\t\t<!-- \/row_inner -->\n\t\t\t\t\t<\/div>\n\t\t\t\t\t<!-- \/row_inner_wrapper -->\n\t\t\t\t<\/div>\n\t\t\t\t<!-- \/module_row -->\n\t\t\t\t\t<!-- module_row -->\n\t\t\t<div  data-gutter=\"gutter-default\" class=\"themify_builder_row themify_builder_2507_row module_row module_row_4 clearfix gutter-default fullwidth\" data-equal-column-height=\"\" data-column-alignment=\"\">\n\n\t\t\n\t\t\t\t\n\t\t\t\t<div class=\"row_inner_wrapper\">\n\t\t\t\t\t<div class=\"row_inner\">\n\n\t\t\t\t\t\t\n\t\t\t\t\t\t\n\t\t\t\t\t\t\t\n\t\t<div  class=\"col-full first tb-column  tb_2507_column module_column\" >\n\n\t\t\t\n\t\t\t\n\t\t\t<div class=\"tb-column-inner\">\n\n\t\t\t\t\n\t\t\t\t\n\t\t\t\t\t\n    <!-- module gallery -->\n    <div id=\"gallery-2507-4-0-1\" class=\"module module-gallery gallery-2507-4-0-1 gallery gallery-columns-4 layout-grid    \">\n\n        \n        \t<dl class=\"gallery-item\">\n\t\t<dt class=\"gallery-icon\">\n\t\t<a title=\"relax4\" href=\"https:\/\/www.hotelgirasole.com\/wp-content\/uploads\/relax4.jpg\"><img src=\"https:\/\/www.hotelgirasole.com\/wp-content\/uploads\/relax4-1024x683.jpg\" class=\" wp-image-2678\" title=\"Hotel Girasole Sorrento\" alt=\"home\" \/><\/a>\t\t<\/dt>\n\t\t\t\t<dd>\n\t\t\t\t\t\t\t\t<\/dd>\n\t<\/dl>\n\n\t\n\t<dl class=\"gallery-item\">\n\t\t<dt class=\"gallery-icon\">\n\t\t<a title=\"rest\" href=\"https:\/\/www.hotelgirasole.com\/wp-content\/uploads\/rest.jpg\"><img src=\"https:\/\/www.hotelgirasole.com\/wp-content\/uploads\/rest-1024x683.jpg\" class=\" wp-image-2646\" title=\"Hotel Girasole Sorrento\" alt=\"home\" \/><\/a>\t\t<\/dt>\n\t\t\t\t<dd>\n\t\t\t\t\t\t\t\t<\/dd>\n\t<\/dl>\n\n\t\n\t<dl class=\"gallery-item\">\n\t\t<dt class=\"gallery-icon\">\n\t\t<a title=\"bar\" href=\"https:\/\/www.hotelgirasole.com\/wp-content\/uploads\/bar.jpg\"><img src=\"https:\/\/www.hotelgirasole.com\/wp-content\/uploads\/bar-1024x683.jpg\" class=\" wp-image-2642\" title=\"Hotel Girasole Sorrento\" alt=\"home\" \/><\/a>\t\t<\/dt>\n\t\t\t\t<dd>\n\t\t\t\t\t\t\t\t<\/dd>\n\t<\/dl>\n\n\t\n\t<dl class=\"gallery-item\">\n\t\t<dt class=\"gallery-icon\">\n\t\t<a title=\"room3\" href=\"https:\/\/www.hotelgirasole.com\/wp-content\/uploads\/room3.jpg\"><img src=\"https:\/\/www.hotelgirasole.com\/wp-content\/uploads\/room3-1024x683.jpg\" class=\" wp-image-2626\" title=\"Room Hotel Girasole\" alt=\"home\" \/><\/a>\t\t<\/dt>\n\t\t\t\t<dd>\n\t\t\t\t\t\t\t\t<\/dd>\n\t<\/dl>\n\n\t\t\t<br style=\"clear: both\" \/>\n\t\n\t<dl class=\"gallery-item\">\n\t\t<dt class=\"gallery-icon\">\n\t\t<a title=\"off\" href=\"https:\/\/www.hotelgirasole.com\/wp-content\/uploads\/off.jpg\"><img src=\"https:\/\/www.hotelgirasole.com\/wp-content\/uploads\/off-1024x683.jpg\" class=\" wp-image-2743\" title=\"off\" alt=\"home\" \/><\/a>\t\t<\/dt>\n\t\t\t\t<dd>\n\t\t\t\t\t\t\t\t<\/dd>\n\t<\/dl>\n\n\t\n<br style=\"clear: both\" \/>\n\n    <\/div>\n    <!-- \/module gallery -->\n\n\n\t\t\t\t\n\t\t\t<\/div><!-- \/.tb-column-inner -->\n\t\t\t\t\t<\/div>\n\t\t<!-- \/.tb-column -->\n\t\t\n\t\t\n\t\t\t\t\t\t\t\t\n\t\t\t\t\t\t\t\t\n\t\t\t\t\t\t\t\n\t\t\t\t\t\t<\/div>\n\t\t\t\t\t\t<!-- \/row_inner -->\n\t\t\t\t\t<\/div>\n\t\t\t\t\t<!-- \/row_inner_wrapper -->\n\t\t\t\t<\/div>\n\t\t\t\t<!-- \/module_row -->\n\t\t\t\t\t<!-- module_row -->\n\t\t\t<div  data-gutter=\"gutter-default\" class=\"themify_builder_row themify_builder_2507_row module_row module_row_5 clearfix gutter-default\" data-equal-column-height=\"\" data-column-alignment=\"\">\n\n\t\t\n\t\t\t\t\n\t\t\t\t<div class=\"row_inner_wrapper\">\n\t\t\t\t\t<div class=\"row_inner\">\n\n\t\t\t\t\t\t\n\t\t\t\t\t\t\n\t\t\t\t\t\t\t\n\t\t<div  class=\"col-full first tb-column  tb_2507_column module_column\" >\n\n\t\t\t\n\t\t\t\n\t\t\t<div class=\"tb-column-inner\">\n\n\t\t\t\t\n\t\t\t\t\n\t\t\t\t\t\n    <!-- module divider -->\n    <div id=\"divider-2507-5-0-1\" class=\"module module-divider divider-2507-5-0-1 solid   divider-fullwidth \" style=\"border-width: 1px;border-color: rgba(142,126,108, 1);margin-top: 20px;margin-bottom: 20px;\">\n            <\/div>\n    <!-- \/module divider -->\n\n\n\t\t\t\t\n\t\t\t<\/div><!-- \/.tb-column-inner -->\n\t\t\t\t\t<\/div>\n\t\t<!-- \/.tb-column -->\n\t\t\n\t\t\n\t\t\t\t\t\t\t\t\n\t\t\t\t\t\t\t\t\n\t\t\t\t\t\t\t\n\t\t\t\t\t\t<\/div>\n\t\t\t\t\t\t<!-- \/row_inner -->\n\t\t\t\t\t<\/div>\n\t\t\t\t\t<!-- \/row_inner_wrapper -->\n\t\t\t\t<\/div>\n\t\t\t\t<!-- \/module_row -->\n\t\t\t\t\t<!-- module_row -->\n\t\t\t<div  data-gutter=\"gutter-default\" class=\"themify_builder_row themify_builder_2507_row module_row module_row_6 clearfix gutter-default bkg_banner fullwidth\" data-equal-column-height=\"\" data-column-alignment=\"\">\n\n\t\t\n\t\t\t\t\n\t\t\t\t<div class=\"row_inner_wrapper\">\n\t\t\t\t\t<div class=\"row_inner\">\n\n\t\t\t\t\t\t\n<!-- .themify_builder_2507_row.module_row_6 Style -->\n<style type=\"text\/css\" >\n.themify_builder_2507_row.module_row_6.module_row {\n\tpadding-top : 20px;\n\tpadding-bottom : 20px\n}\n<\/style>\n<!-- End .themify_builder_2507_row.module_row_6 Style -->\n\n\t\t\t\t\t\t\n\t\t\t\t\t\t\t\n\t\t<div  class=\"col4-2 first tb-column  tb_2507_column module_column\" >\n\n\t\t\t\n\t\t\t\n\t\t\t<div class=\"tb-column-inner\">\n\n\t\t\t\t\n\t\t\t\t\n\t\t\t\t\t\n\t<!-- module image -->\n\t<div id=\"image-2507-6-0-1\" class=\"module module-image image-2507-6-0-1   image-left  wow zoomInLeft\">\n\n\t\t\n\t\t\n\t\t<div class=\"image-wrap\">\n\t\t\t\t\t\t\t<a href=\"#\"  >\n\t\t\t\t\t\t\t\t\t\t<img loading=\"lazy\" width=\"1400\" height=\"933\" src=\"https:\/\/www.hotelgirasole.com\/wp-content\/uploads\/cam2.jpg\" class=\" wp-image-2610\" title=\"Hotel Girasole\" alt=\"home\" srcset=\"https:\/\/www.hotelgirasole.com\/wp-content\/uploads\/cam2.jpg 1400w, https:\/\/www.hotelgirasole.com\/wp-content\/uploads\/cam2-300x200.jpg 300w, https:\/\/www.hotelgirasole.com\/wp-content\/uploads\/cam2-1024x682.jpg 1024w\" sizes=\"(max-width: 1400px) 100vw, 1400px\" \/>\t\t\t\t<\/a>\n\t\t\t\n\t\t\t\t\t\t<\/div>\n\t\t\t<!-- \/image-wrap -->\n\t\t\n\t\t\n\t\t\n\t\t<\/div>\n\t<!-- \/module image -->\n\n\n\t\t\t\t\n\t\t\t<\/div><!-- \/.tb-column-inner -->\n\t\t\t\t\t<\/div>\n\t\t<!-- \/.tb-column -->\n\t\t\n\t\t\n\t\t<div  class=\"col4-2 last tb-column  tb_2507_column module_column\" >\n\n\t\t\t\n\t\t\t\n\t\t\t<div class=\"tb-column-inner\">\n\n\t\t\t\t\n\t\t\t\t\n\t\t\t\t\t\n<!-- module text -->\n<div id=\"text-2507-6-1-1\" class=\"module module-text text-2507-6-1-1 testo-sx  wow zoomInRight\">\n\t\t\t<h3 class=\"module-title\">chambres<\/h3>\t\n\t\n\t<p class=\"p1\"><span class=\"s1\">L\u2019<\/span><span class=\"s2\"><b>H\u00f4tel Girasole<\/b><\/span><span class=\"s1\"> compte 39 chambres modernes, accueillantes et confortables, meubl\u00e9es avec un go\u00fbt sobre et \u00e9l\u00e9gant et beaucoup d\u2019entre elles offrent une<\/span><span class=\"s2\"><b> vue panoramique sur le jardin de l\u2019h\u00f4tel et sur le Golfe de Naples<\/b><\/span><span class=\"s1\"> et poss\u00e8dent tous les \u00e9quipements modernes et imaginables.<\/span><\/p><p class=\"p2\"><span class=\"s1\">Les chambres sont dot\u00e9es de tous les conforts comme la douche ou la baignoire, le s\u00e8che-cheveux, la climatisation et la t\u00e9l\u00e9vision avec les cha\u00eenes satellites.<\/span><\/p><p class=\"p2\"><span class=\"s1\">Vous pouvez m\u00eame b\u00e9n\u00e9ficier du service en chambre sur demande.<\/span><\/p>\n\t<\/div>\n<!-- \/module text -->\n\n\t\t\t\t\n\t\t\t<\/div><!-- \/.tb-column-inner -->\n\t\t\t\t\t<\/div>\n\t\t<!-- \/.tb-column -->\n\t\t\n\t\t\n\t\t\t\t\t\t\t\t\n\t\t\t\t\t\t\t\t\n\t\t\t\t\t\t\t\n\t\t\t\t\t\t<\/div>\n\t\t\t\t\t\t<!-- \/row_inner -->\n\t\t\t\t\t<\/div>\n\t\t\t\t\t<!-- \/row_inner_wrapper -->\n\t\t\t\t<\/div>\n\t\t\t\t<!-- \/module_row -->\n\t\t\t\t\t<!-- module_row -->\n\t\t\t<div  data-gutter=\"gutter-default\" class=\"themify_builder_row themify_builder_2507_row module_row module_row_7 clearfix gutter-default bkg_banner fullwidth\" data-equal-column-height=\"\" data-column-alignment=\"\">\n\n\t\t\n\t\t\t\t\n\t\t\t\t<div class=\"row_inner_wrapper\">\n\t\t\t\t\t<div class=\"row_inner\">\n\n\t\t\t\t\t\t\n<!-- .themify_builder_2507_row.module_row_7 Style -->\n<style type=\"text\/css\" >\n.themify_builder_2507_row.module_row_7.module_row {\n\tpadding-top : 20px;\n\tpadding-bottom : 20px\n}\n<\/style>\n<!-- End .themify_builder_2507_row.module_row_7 Style -->\n\n\t\t\t\t\t\t\n\t\t\t\t\t\t\t\n\t\t<div  class=\"col4-2 first tb-column  tb_2507_column module_column\" >\n\n\t\t\t\n\t\t\t\n\t\t\t<div class=\"tb-column-inner\">\n\n\t\t\t\t\n\t\t\t\t\n\t\t\t\t\t\n<!-- module text -->\n<div id=\"text-2507-7-0-1\" class=\"module module-text text-2507-7-0-1 testo-dx  wow fadeInLeft\">\n\t\t\t<h3 class=\"module-title\">services<\/h3>\t\n\t\n\t<p class=\"p1\"><span class=\"s1\">L\u2019H\u00f4tel dispose d\u2019une <\/span><span class=\"s2\"><b>piscine priv\u00e9e<\/b><\/span><span class=\"s1\"> encadr\u00e9e par de magnifiques <\/span><span class=\"s2\"><b>plantations d\u2019agrumes verdoyantes<\/b><\/span><span class=\"s1\"> qui font la singularit\u00e9 de Sorrente. Une petite oasis de calme et de d\u00e9tente qui change des plages bond\u00e9es de Sorrente.<\/span><\/p><p class=\"p1\"><span class=\"s1\">L\u2019H\u00f4tel Girasole est \u00e9quip\u00e9 d\u2019une terrasse qui offre une <\/span><span class=\"s2\"><b>vue panoramique du Golf de Naples et du V\u00e9suve<\/b><\/span><span class=\"s1\">, d\u2019un bar, d\u2019un salon, de la climatisation et d\u2019un<\/span><span class=\"s2\"><b>parking priv\u00e9 vid\u00e9o surveill\u00e9.<\/b><\/span><\/p>\n\t<\/div>\n<!-- \/module text -->\n\n\t\t\t\t\n\t\t\t<\/div><!-- \/.tb-column-inner -->\n\t\t\t\t\t<\/div>\n\t\t<!-- \/.tb-column -->\n\t\t\n\t\t\n\t\t<div  class=\"col4-2 last tb-column  tb_2507_column module_column\" >\n\n\t\t\t\n\t\t\t\n\t\t\t<div class=\"tb-column-inner\">\n\n\t\t\t\t\n\t\t\t\t\n\t\t\t\t\t\n\t<!-- module image -->\n\t<div id=\"image-2507-7-1-1\" class=\"module module-image image-2507-7-1-1   image-right  wow fadeInRight\">\n\n\t\t\n\t\t\n\t\t<div class=\"image-wrap\">\n\t\t\t\t\t\t\t<a href=\"#\"  >\n\t\t\t\t\t\t\t\t\t\t<img loading=\"lazy\" width=\"1400\" height=\"933\" src=\"https:\/\/www.hotelgirasole.com\/wp-content\/uploads\/serv21.jpg\" class=\" wp-image-2763\" title=\"Hotel Girasole Sorrento\" alt=\"home\" srcset=\"https:\/\/www.hotelgirasole.com\/wp-content\/uploads\/serv21.jpg 1400w, https:\/\/www.hotelgirasole.com\/wp-content\/uploads\/serv21-300x200.jpg 300w, https:\/\/www.hotelgirasole.com\/wp-content\/uploads\/serv21-1024x682.jpg 1024w\" sizes=\"(max-width: 1400px) 100vw, 1400px\" \/>\t\t\t\t<\/a>\n\t\t\t\n\t\t\t\t\t\t<\/div>\n\t\t\t<!-- \/image-wrap -->\n\t\t\n\t\t\n\t\t\n\t\t<\/div>\n\t<!-- \/module image -->\n\n\n\t\t\t\t\n\t\t\t<\/div><!-- \/.tb-column-inner -->\n\t\t\t\t\t<\/div>\n\t\t<!-- \/.tb-column -->\n\t\t\n\t\t\n\t\t\t\t\t\t\t\t\n\t\t\t\t\t\t\t\t\n\t\t\t\t\t\t\t\n\t\t\t\t\t\t<\/div>\n\t\t\t\t\t\t<!-- \/row_inner -->\n\t\t\t\t\t<\/div>\n\t\t\t\t\t<!-- \/row_inner_wrapper -->\n\t\t\t\t<\/div>\n\t\t\t\t<!-- \/module_row -->\n\t\t\t\t\t<!-- module_row -->\n\t\t\t<div  data-gutter=\"gutter-default\" class=\"themify_builder_row themify_builder_2507_row module_row module_row_8 clearfix gutter-default bkg_banner fullwidth\" data-equal-column-height=\"\" data-column-alignment=\"\">\n\n\t\t\n\t\t\t\t\n\t\t\t\t<div class=\"row_inner_wrapper\">\n\t\t\t\t\t<div class=\"row_inner\">\n\n\t\t\t\t\t\t\n<!-- .themify_builder_2507_row.module_row_8 Style -->\n<style type=\"text\/css\" >\n.themify_builder_2507_row.module_row_8.module_row {\n\tpadding-top : 20px;\n\tpadding-bottom : 20px\n}\n<\/style>\n<!-- End .themify_builder_2507_row.module_row_8 Style -->\n\n\t\t\t\t\t\t\n\t\t\t\t\t\t\t\n\t\t<div  class=\"col4-2 first tb-column  tb_2507_column module_column\" >\n\n\t\t\t\n\t\t\t\n\t\t\t<div class=\"tb-column-inner\">\n\n\t\t\t\t\n\t\t\t\t\n\t\t\t\t\t\n\t<!-- module image -->\n\t<div id=\"image-2507-8-0-1\" class=\"module module-image image-2507-8-0-1   image-left  wow zoomInLeft\">\n\n\t\t\n\t\t\n\t\t<div class=\"image-wrap\">\n\t\t\t\t\t\t\t<a href=\"#\"  >\n\t\t\t\t\t\t\t\t\t\t<img src=\"https:\/\/www.hotelgirasole.com\/wp-content\/uploads\/off2.jpg\" alt=\"home\" \/>\t\t\t\t<\/a>\n\t\t\t\n\t\t\t\t\t\t<\/div>\n\t\t\t<!-- \/image-wrap -->\n\t\t\n\t\t\n\t\t\n\t\t<\/div>\n\t<!-- \/module image -->\n\n\n\t\t\t\t\n\t\t\t<\/div><!-- \/.tb-column-inner -->\n\t\t\t\t\t<\/div>\n\t\t<!-- \/.tb-column -->\n\t\t\n\t\t\n\t\t<div  class=\"col4-2 last tb-column  tb_2507_column module_column\" >\n\n\t\t\t\n\t\t\t\n\t\t\t<div class=\"tb-column-inner\">\n\n\t\t\t\t\n\t\t\t\t\n\t\t\t\t\t\n<!-- module text -->\n<div id=\"text-2507-8-1-1\" class=\"module module-text text-2507-8-1-1 testo-sx  wow fadeInRight\">\n\t\t\t<h3 class=\"module-title\">offres<\/h3>\t\n\t\n\t<p class=\"p1\">V\u00e9rifiez si il ya des offres pour votre s\u00e9jour dans notre H\u00f4tel<\/p>\n\t<\/div>\n<!-- \/module text -->\n\n\t\t\t\t\n\t\t\t<\/div><!-- \/.tb-column-inner -->\n\t\t\t\t\t<\/div>\n\t\t<!-- \/.tb-column -->\n\t\t\n\t\t\n\t\t\t\t\t\t\t\t\n\t\t\t\t\t\t\t\t\n\t\t\t\t\t\t\t\n\t\t\t\t\t\t<\/div>\n\t\t\t\t\t\t<!-- \/row_inner -->\n\t\t\t\t\t<\/div>\n\t\t\t\t\t<!-- \/row_inner_wrapper -->\n\t\t\t\t<\/div>\n\t\t\t\t<!-- \/module_row -->\n\t\t\t\t\t<!-- module_row -->\n\t\t\t<div  data-gutter=\"gutter-default\" class=\"themify_builder_row themify_builder_2507_row module_row module_row_9 clearfix gutter-default bkg_banner fullwidth\" data-equal-column-height=\"\" data-column-alignment=\"\">\n\n\t\t\n\t\t\t\t\n\t\t\t\t<div class=\"row_inner_wrapper\">\n\t\t\t\t\t<div class=\"row_inner\">\n\n\t\t\t\t\t\t\n<!-- .themify_builder_2507_row.module_row_9 Style -->\n<style type=\"text\/css\" >\n.themify_builder_2507_row.module_row_9.module_row {\n\tpadding-top : 20px;\n\tpadding-bottom : 20px\n}\n<\/style>\n<!-- End .themify_builder_2507_row.module_row_9 Style -->\n\n\t\t\t\t\t\t\n\t\t\t\t\t\t\t\n\t\t<div  class=\"col4-2 first tb-column  tb_2507_column module_column\" >\n\n\t\t\t\n\t\t\t\n\t\t\t<div class=\"tb-column-inner\">\n\n\t\t\t\t\n\t\t\t\t\n\t\t\t\t\t\n<!-- module text -->\n<div id=\"text-2507-9-0-1\" class=\"module module-text text-2507-9-0-1 testo-dx  wow zoomInLeft\">\n\t\t\t<h3 class=\"module-title\">livre d'or<\/h3>\t\n\t\n\t<p class=\"p1\">Lire tous les avis laiss\u00e9s par nos clients<\/p>\n\t<\/div>\n<!-- \/module text -->\n\n\t\t\t\t\n\t\t\t<\/div><!-- \/.tb-column-inner -->\n\t\t\t\t\t<\/div>\n\t\t<!-- \/.tb-column -->\n\t\t\n\t\t\n\t\t<div  class=\"col4-2 last tb-column  tb_2507_column module_column\" >\n\n\t\t\t\n\t\t\t\n\t\t\t<div class=\"tb-column-inner\">\n\n\t\t\t\t\n\t\t\t\t\n\t\t\t\t\t\n\t<!-- module image -->\n\t<div id=\"image-2507-9-1-1\" class=\"module module-image image-2507-9-1-1   image-right  wow zoomInRight\">\n\n\t\t\n\t\t\n\t\t<div class=\"image-wrap\">\n\t\t\t\t\t\t\t<a href=\"#\"  >\n\t\t\t\t\t\t\t\t\t\t<img loading=\"lazy\" width=\"1024\" height=\"682\" src=\"https:\/\/www.hotelgirasole.com\/wp-content\/uploads\/rec2-1024x682.jpg\" class=\" wp-image-2775\" title=\"Hotel Girasole Sorrento\" alt=\"home\" srcset=\"https:\/\/www.hotelgirasole.com\/wp-content\/uploads\/rec2-1024x682.jpg 1024w, https:\/\/www.hotelgirasole.com\/wp-content\/uploads\/rec2-300x200.jpg 300w, https:\/\/www.hotelgirasole.com\/wp-content\/uploads\/rec2.jpg 1400w\" sizes=\"(max-width: 1024px) 100vw, 1024px\" \/>\t\t\t\t<\/a>\n\t\t\t\n\t\t\t\t\t\t<\/div>\n\t\t\t<!-- \/image-wrap -->\n\t\t\n\t\t\n\t\t\n\t\t<\/div>\n\t<!-- \/module image -->\n\n\n\t\t\t\t\n\t\t\t<\/div><!-- \/.tb-column-inner -->\n\t\t\t\t\t<\/div>\n\t\t<!-- \/.tb-column -->\n\t\t\n\t\t\n\t\t\t\t\t\t\t\t\n\t\t\t\t\t\t\t\t\n\t\t\t\t\t\t\t\n\t\t\t\t\t\t<\/div>\n\t\t\t\t\t\t<!-- \/row_inner -->\n\t\t\t\t\t<\/div>\n\t\t\t\t\t<!-- \/row_inner_wrapper -->\n\t\t\t\t<\/div>\n\t\t\t\t<!-- \/module_row -->\n\t\t<\/div>\n<!-- \/themify_builder_content -->","protected":false},"excerpt":{"rendered":"<p>Hotel Girasole Sorrento<\/p>\n","protected":false},"author":1,"featured_media":0,"parent":0,"menu_order":0,"comment_status":"open","ping_status":"open","template":"","meta":[],"yoast_head":"<!-- This site is optimized with the Yoast SEO plugin v16.0.2 - https:\/\/yoast.com\/wordpress\/plugins\/seo\/ -->\n<title>H\u00f4tel Sorrente | h\u00f4tel 3 \u00e9toiles \u00e0 Sorrente | H\u00f4tel Sunflower<\/title>\n<meta name=\"description\" content=\"Le tournesol H\u00f4tel est un h\u00f4tel 3 \u00e9toiles, situ\u00e9 pr\u00e8s du centre de Sorrente, dans la piscine de la campagne et la natation. et est un endroit id\u00e9al pour passer des vacances de r\u00eave\" \/>\n<link rel=\"canonical\" href=\"https:\/\/www.hotelgirasole.com\/fr\/\" \/>\n<meta property=\"og:locale\" content=\"fr_FR\" \/>\n<meta property=\"og:type\" content=\"article\" \/>\n<meta property=\"og:title\" content=\"H\u00f4tel Sorrente | h\u00f4tel 3 \u00e9toiles \u00e0 Sorrente | H\u00f4tel Sunflower\" \/>\n<meta property=\"og:description\" content=\"Le tournesol H\u00f4tel est un h\u00f4tel 3 \u00e9toiles, situ\u00e9 pr\u00e8s du centre de Sorrente, dans la piscine de la campagne et la natation. et est un endroit id\u00e9al pour passer des vacances de r\u00eave\" \/>\n<meta property=\"og:url\" content=\"https:\/\/www.hotelgirasole.com\/fr\/\" \/>\n<meta property=\"og:site_name\" content=\"Hotel Girasole\" \/>\n<meta property=\"article:modified_time\" content=\"2016-12-20T18:13:05+00:00\" \/>\n<meta name=\"twitter:card\" content=\"summary\" \/>\n<script type=\"application\/ld+json\" class=\"yoast-schema-graph\">{\"@context\":\"https:\/\/schema.org\",\"@graph\":[{\"@type\":\"WebSite\",\"@id\":\"https:\/\/www.hotelgirasole.com\/en\/#website\",\"url\":\"https:\/\/www.hotelgirasole.com\/en\/\",\"name\":\"Hotel Girasole\",\"description\":\"Ph.+39 0818073082 - info@hotelgirasole.com\",\"potentialAction\":[{\"@type\":\"SearchAction\",\"target\":\"https:\/\/www.hotelgirasole.com\/en\/?s={search_term_string}\",\"query-input\":\"required name=search_term_string\"}],\"inLanguage\":\"fr-FR\"},{\"@type\":\"WebPage\",\"@id\":\"https:\/\/www.hotelgirasole.com\/fr\/#webpage\",\"url\":\"https:\/\/www.hotelgirasole.com\/fr\/\",\"name\":\"H\\u00f4tel Sorrente | h\\u00f4tel 3 \\u00e9toiles \\u00e0 Sorrente | H\\u00f4tel Sunflower\",\"isPartOf\":{\"@id\":\"https:\/\/www.hotelgirasole.com\/en\/#website\"},\"datePublished\":\"2015-06-10T13:10:45+00:00\",\"dateModified\":\"2016-12-20T18:13:05+00:00\",\"description\":\"Le tournesol H\\u00f4tel est un h\\u00f4tel 3 \\u00e9toiles, situ\\u00e9 pr\\u00e8s du centre de Sorrente, dans la piscine de la campagne et la natation. et est un endroit id\\u00e9al pour passer des vacances de r\\u00eave\",\"breadcrumb\":{\"@id\":\"https:\/\/www.hotelgirasole.com\/fr\/#breadcrumb\"},\"inLanguage\":\"fr-FR\",\"potentialAction\":[{\"@type\":\"ReadAction\",\"target\":[\"https:\/\/www.hotelgirasole.com\/fr\/\"]}]},{\"@type\":\"BreadcrumbList\",\"@id\":\"https:\/\/www.hotelgirasole.com\/fr\/#breadcrumb\",\"itemListElement\":[{\"@type\":\"ListItem\",\"position\":1,\"item\":{\"@type\":\"WebPage\",\"@id\":\"https:\/\/www.hotelgirasole.com\/fr\/\",\"url\":\"https:\/\/www.hotelgirasole.com\/fr\/\",\"name\":\"Home\"}},{\"@type\":\"ListItem\",\"position\":2,\"item\":{\"@type\":\"WebPage\",\"@id\":\"https:\/\/www.hotelgirasole.com\/fr\/\",\"url\":\"https:\/\/www.hotelgirasole.com\/fr\/\",\"name\":\"home\"}}]}]}<\/script>\n<!-- \/ Yoast SEO plugin. -->","_links":{"self":[{"href":"https:\/\/www.hotelgirasole.com\/fr\/wp-json\/wp\/v2\/pages\/2507"}],"collection":[{"href":"https:\/\/www.hotelgirasole.com\/fr\/wp-json\/wp\/v2\/pages"}],"about":[{"href":"https:\/\/www.hotelgirasole.com\/fr\/wp-json\/wp\/v2\/types\/page"}],"author":[{"embeddable":true,"href":"https:\/\/www.hotelgirasole.com\/fr\/wp-json\/wp\/v2\/users\/1"}],"replies":[{"embeddable":true,"href":"https:\/\/www.hotelgirasole.com\/fr\/wp-json\/wp\/v2\/comments?post=2507"}],"version-history":[{"count":2,"href":"https:\/\/www.hotelgirasole.com\/fr\/wp-json\/wp\/v2\/pages\/2507\/revisions"}],"predecessor-version":[{"id":4968,"href":"https:\/\/www.hotelgirasole.com\/fr\/wp-json\/wp\/v2\/pages\/2507\/revisions\/4968"}],"wp:attachment":[{"href":"https:\/\/www.hotelgirasole.com\/fr\/wp-json\/wp\/v2\/media?parent=2507"}],"curies":[{"name":"wp","href":"https:\/\/api.w.org\/{rel}","templated":true}]}}