{"id":2583,"date":"2015-06-11T16:37:33","date_gmt":"2015-06-11T14:37:33","guid":{"rendered":"http:\/\/raffiodesign.com\/bozze\/hotelgirasole\/contatti-2\/"},"modified":"2019-06-14T16:22:22","modified_gmt":"2019-06-14T14:22:22","slug":"kontakte","status":"publish","type":"page","link":"https:\/\/www.hotelgirasole.com\/de\/kontakte\/","title":{"rendered":"Kontakte"},"content":{"rendered":"<div id=\"themify_builder_content-2583\" data-postid=\"2583\" class=\"themify_builder_content themify_builder_content-2583 themify_builder themify_builder_front\">\n\n\t\t\t\t<!-- module_row -->\n\t\t\t<div  data-gutter=\"gutter-default\" class=\"themify_builder_row themify_builder_2583_row module_row module_row_0 clearfix gutter-default col_align_top builder-parallax-scrolling fullwidth\" data-equal-column-height=\"\" data-column-alignment=\"col_align_top\">\n\n\t\t\n\t\t\t\t\n\t\t\t\t<div class=\"row_inner_wrapper\">\n\t\t\t\t\t<div class=\"row_inner\">\n\n\t\t\t\t\t\t\n\t\t\t\t\t\t\n\t\t\t\t\t\t\t\n\t\t<div  class=\"col-full first tb-column  tb_2583_column module_column_0 module_column\" >\n\n\t\t\t\n\t\t\t\n\t\t\t<div class=\"tb-column-inner\">\n\n\t\t\t\t\n\t\t\t\t\n\t\t\t\t\t\n<!-- module text -->\n<div id=\"text-2583-0-0-1\" class=\"module module-text text-2583-0-0-1 slider-interno  \">\n\t\n\t\n\t\n\t<\/div>\n<!-- \/module text -->\n\n\t\t\t\t\n\t\t\t<\/div><!-- \/.tb-column-inner -->\n\t\t\t\t\t<\/div>\n\t\t<!-- \/.tb-column -->\n\t\t\n\t\t\n\t\t\t\t\t\t\t\t\n\t\t\t\t\t\t\t\t\n\t\t\t\t\t\t\t\n\t\t\t\t\t\t<\/div>\n\t\t\t\t\t\t<!-- \/row_inner -->\n\t\t\t\t\t<\/div>\n\t\t\t\t\t<!-- \/row_inner_wrapper -->\n\t\t\t\t<\/div>\n\t\t\t\t<!-- \/module_row -->\n\t\t\t\t\t<!-- module_row -->\n\t\t\t<div  data-gutter=\"gutter-default\" class=\"themify_builder_row themify_builder_2583_row module_row module_row_1 clearfix gutter-default col_align_top\" data-equal-column-height=\"\" data-column-alignment=\"col_align_top\">\n\n\t\t\n\t\t\t\t\n\t\t\t\t<div class=\"row_inner_wrapper\">\n\t\t\t\t\t<div class=\"row_inner\">\n\n\t\t\t\t\t\t\n\t\t\t\t\t\t\n\t\t\t\t\t\t\t\n\t\t<div  class=\"col-full first tb-column  tb_2583_column module_column_0 module_column\" >\n\n\t\t\t\n\t\t\t\n\t\t\t<div class=\"tb-column-inner\">\n\n\t\t\t\t\n\t\t\t\t\n\t\t\t\t\t\n\n    <!-- module widget -->\n    <div id=\"widget-2583-1-0-1\" class=\"module module-widget widget-2583-1-0-1 titolo_pagina  \">\n        <h3 class=\"module-title\">Kontakte<\/h3>    <\/div>\n    <!-- \/module widget -->\n\n\n\t\t\t\t\n\t\t\t<\/div><!-- \/.tb-column-inner -->\n\t\t\t\t\t<\/div>\n\t\t<!-- \/.tb-column -->\n\t\t\n\t\t\n\t\t\t\t\t\t\t\t\n\t\t\t\t\t\t\t\t\n\t\t\t\t\t\t\t\n\t\t\t\t\t\t<\/div>\n\t\t\t\t\t\t<!-- \/row_inner -->\n\t\t\t\t\t<\/div>\n\t\t\t\t\t<!-- \/row_inner_wrapper -->\n\t\t\t\t<\/div>\n\t\t\t\t<!-- \/module_row -->\n\t\t\t\t\t<!-- module_row -->\n\t\t\t<div  data-gutter=\"gutter-default\" class=\"themify_builder_row themify_builder_2583_row module_row module_row_2 clearfix gutter-default\" data-equal-column-height=\"\" data-column-alignment=\"\">\n\n\t\t\n\t\t\t\t\n\t\t\t\t<div class=\"row_inner_wrapper\">\n\t\t\t\t\t<div class=\"row_inner\">\n\n\t\t\t\t\t\t\n\t\t\t\t\t\t\n\t\t\t\t\t\t\t\n\t\t<div  class=\"col4-2 first tb-column  tb_2583_column module_column_0 module_column\" >\n\n\t\t\t\n\t\t\t\n\t\t\t<div class=\"tb-column-inner\">\n\n\t\t\t\t\n\t\t\t\t\n\t\t\t\t\t\n<!-- module text -->\n<div id=\"text-2583-2-0-1\" class=\"module module-text text-2583-2-0-1   \">\n\t\n\t\n\t<p><strong>Hotel Girasole<\/strong><br \/>Corso Italia 302<br \/>80067 Sorrento (NA)<br \/>+39 081 8073082 \u2013 +39 081 8071293 (fax)<br \/>Mail: info@hotelgirasole.com<\/p><p>&#8212;<\/p><p>F\u00fcr mehr Informationen, f\u00fcllen Sie bitte das Kontaktformular, antworten wir so bald wie m\u00f6glich. Thanks!<\/p><div role=\"form\" class=\"wpcf7\" id=\"wpcf7-f2591-o1\" lang=\"de-DE\" dir=\"ltr\">\n<div class=\"screen-reader-response\"><p role=\"status\" aria-live=\"polite\" aria-atomic=\"true\"><\/p> <ul><\/ul><\/div>\n<form action=\"\/de\/wp-json\/wp\/v2\/pages\/2583#wpcf7-f2591-o1\" method=\"post\" class=\"wpcf7-form init\" novalidate=\"novalidate\" data-status=\"init\">\n<div style=\"display: none;\">\n<input type=\"hidden\" name=\"_wpcf7\" value=\"2591\" \/>\n<input type=\"hidden\" name=\"_wpcf7_version\" value=\"5.4\" \/>\n<input type=\"hidden\" name=\"_wpcf7_locale\" value=\"de_DE\" \/>\n<input type=\"hidden\" name=\"_wpcf7_unit_tag\" value=\"wpcf7-f2591-o1\" \/>\n<input type=\"hidden\" name=\"_wpcf7_container_post\" value=\"0\" \/>\n<input type=\"hidden\" name=\"_wpcf7_posted_data_hash\" value=\"\" \/>\n<input type=\"hidden\" name=\"_wpcf7_recaptcha_response\" value=\"\" \/>\n<\/div>\n<p class=\"piccolo\">felder mit einem * sind pflicht<\/p>\n<p>Name und Nachname *<br \/>\n    <span class=\"wpcf7-form-control-wrap your-name\"><input type=\"text\" name=\"your-name\" value=\"\" size=\"40\" class=\"wpcf7-form-control wpcf7-text wpcf7-validates-as-required\" aria-required=\"true\" aria-invalid=\"false\" \/><\/span> <\/p>\n<p>Mail *<br \/>\n    <span class=\"wpcf7-form-control-wrap your-email\"><input type=\"email\" name=\"your-email\" value=\"\" size=\"40\" class=\"wpcf7-form-control wpcf7-text wpcf7-email wpcf7-validates-as-required wpcf7-validates-as-email\" aria-required=\"true\" aria-invalid=\"false\" \/><\/span> <\/p>\n<p>Ph.<br \/>\n   <span class=\"wpcf7-form-control-wrap tel-393\"><input type=\"tel\" name=\"tel-393\" value=\"\" size=\"40\" class=\"wpcf7-form-control wpcf7-text wpcf7-tel wpcf7-validates-as-tel\" aria-invalid=\"false\" \/><\/span><\/p>\n<p>Info<br \/>\n    <span class=\"wpcf7-form-control-wrap your-message\"><textarea name=\"your-message\" cols=\"40\" rows=\"10\" class=\"wpcf7-form-control wpcf7-textarea\" aria-invalid=\"false\"><\/textarea><\/span> <\/p>\n<p>Dichiaro di avere preso visione dell'informativa per il <a href=\"https:\/\/www.hotelgirasole.com\/privacy-policy\/\">trattamento dei dati personali<\/a> e di averla integralmente compresa ed accettata<\/p>\n<p>Axt <span class=\"wpcf7-form-control-wrap acceptance-759\"><span class=\"wpcf7-form-control wpcf7-acceptance\"><span class=\"wpcf7-list-item\"><input type=\"checkbox\" name=\"acceptance-759\" value=\"1\" aria-invalid=\"false\" checked=\"checked\" \/><\/span><\/span><\/span>\n<p><span class=\"wpcf7-form-control-wrap quiz-211\"><label><span class=\"wpcf7-quiz-label\">2 + 2 = ?<\/span> <input type=\"text\" name=\"quiz-211\" size=\"40\" class=\"wpcf7-form-control wpcf7-quiz\" autocomplete=\"off\" aria-required=\"true\" aria-invalid=\"false\" \/><\/label><input type=\"hidden\" name=\"_wpcf7_quiz_answer_quiz-211\" value=\"0e0531cf4251715bb68026a4d064b80e\" \/><\/span><\/p>\n<p><input type=\"submit\" value=\"Senden\" class=\"wpcf7-form-control wpcf7-submit\" \/><\/p>\n<div class=\"wpcf7-response-output\" aria-hidden=\"true\"><\/div><\/form><\/div>\n\t<\/div>\n<!-- \/module text -->\n\n\t\t\t\t\n\t\t\t<\/div><!-- \/.tb-column-inner -->\n\t\t\t\t\t<\/div>\n\t\t<!-- \/.tb-column -->\n\t\t\n\t\t\n\t\t<div  class=\"col4-2 last tb-column  tb_2583_column module_column_1 module_column\" >\n\n\t\t\t\n\t\t\t\n\t\t\t<div class=\"tb-column-inner\">\n\n\t\t\t\t\n\t\t\t\t\n\t\t\t\t\t\n<!-- module text -->\n<div id=\"text-2583-2-1-1\" class=\"module module-text text-2583-2-1-1   \">\n\t\t\t<h3 class=\"module-title\">Wegbeschreibung<\/h3>\t\n\t\n\t<p class=\"p1\"><span class=\"s1\">Das Hotel liegt ca. 800 Meter vom Zentrum von Sorrento und 600 Meter vom Strand entfernt und ist zu Fuss gut erreichbar. Zudem k\u00f6nnen Sie in wenigen Minuten die Linienbusse und Z\u00fcge der Circumvesuviana von Sorrento und Sant\u2019Agnello erreichen.<\/span><\/p><p class=\"p2\"><span class=\"s2\"><b>ANREISE MIT DEM FLUGZEUG<\/b><\/span><span class=\"s1\"><br \/> <\/span><span class=\"s3\">Der n\u00e4chstgelegene Flughafen befindet sich in Neapel (Capodichino), nur 50 Km von Sorrento entfernt. Er ist mit den gr\u00f6ssten St\u00e4dten Italiens und Europas durch verschiedene Fluggesellschaften verbunden, die je nach Saison sehr attraktive Angebote anbieten. Vom Flughafen gibt es verschiedene M\u00f6glichkeiten, um nach Sorrento zu gelangen. Die bequemste und kosteng\u00fcnstigste L\u00f6sung ist sicherlich der Busbetrieb der Gesellschaft Curreri, sofern dieser bei Ihrer Ankunftszeit in Betrieb ist. Die Haltestelle befindet sich gleich beim Ankunftsterminal des Flughafens und bringt Sie bei guten Verkehrsverh\u00e4ltnissen in ca. 1 Stunde zum Bahnhof von Sorrento. Weitere M\u00f6glichkeiten bieten die zahlreichen Taxis und Transfergesellschaften von Sorrento, die ihre Dienste f\u00fcr 80 bis 100 Euro anbieten. Am Flughafen gibt es zudem Busse, Taxis und Shuttledienste zum Bahnhof Circumvesuviana, von dem Regionalz\u00fcge im Halbstundentakt Neapel mit Sorrento verbinden oder Sie lassen sich zur Schiffsanlegestelle Beverello bringen, von der Sie mit Tragfl\u00e4chenbooten und F\u00e4hren nach Sorrento gelangen. Die letzte erw\u00e4hnte M\u00f6glichkeit sollte jedoch nur als Alternativl\u00f6sung betrachtet werden, da sie ziemlich unbequem und anstrengend ist.<\/span><\/p><p class=\"p2\"><span class=\"s2\"><b>ANREISE MIT DEM ZUG<\/b><\/span><span class=\"s1\"><br \/> <\/span><span class=\"s3\">Der Bahnhof von Napoli Centrale Piazza Garibaldi der italienischen Staatseisenbahn wird von Z\u00fcgen aus ganz Italien befahren und ist mit Sorrento durch Lokalz\u00fcge der Circumvesuviana verbunden. Im Bahnhof Napoli Centrale angekommen, gehen Sie durch die Unterf\u00fchrung, die Sie zum Bahnhof Circumvesuviana bringt. Die Reise ab Neapel dauert ca. 1 Stunde und kann sich je nach Tageszeit mehr oder weniger komfortabel gestalten.<\/span><\/p><p class=\"p2\"><span class=\"s2\"><b>ANREISE MIT DEM AUTO<\/b><\/span><span class=\"s1\"><br \/> <\/span><span class=\"s3\">Nehmen Sie aus allen Richtungen die Autobahn Richtung Neapel. Fahren Sie auf der Autobahn A3 Richtung Halbinsel Sorrentina und nehmen Sie die Ausfahrt von Castellammare di Stabia. In Castellammare di Stabia folgen Sie der panoramischen Staatsstrasse f\u00fcr ungef\u00e4hr 23 Km. Durchqueren Sie die Gemeinden Vico Equense, Meta, Piano di Sorrento, Sant\u2019Agnello bis nach Sorrento. In der touristischen Hochsaison, von Juni bis September, ist die Staatsstrasse sehr stark befahren und es kommt schon mal vor, dass man f\u00fcr die 23 Km von Castellammare nach Sorrento eine gute Stunde einberechnen muss.<\/span><\/p><p class=\"p2\"><span class=\"s2\"><b>ANREISE MIT DEM SCHIFF<\/b><\/span><span class=\"s1\"><br \/> <\/span><span class=\"s3\">Wenn Sie sich im Zentrum von Neapel befinden, kann der Weg \u00fcber das Meer nach Sorrento von Vorteil sein. Es gibt viele Tragfl\u00e4chenboote und F\u00e4hren, die Neapel mit Sorrento verbinden. Je nach Transportmittel betr\u00e4gt die Fahrzeit nach Sorrento ca. 40 Minuten. Obwohl die Reise teurer ist als mit dem Zug (mehr als doppelt so viel), ist sie um einiges angenehmer. Die Tragfl\u00e4chenboote und F\u00e4hren legen im Hafen von Sorrento an, der ca. 500 Meter vom Zentrum liegt. F\u00fcr diese Strecke empfehlen wir Ihnen die Shuttlebusse, die den Hafen mit dem Zentrum verbinden.<\/span><\/p>\n\t<\/div>\n<!-- \/module text -->\n\n\t\t\t\t\n\t\t\t<\/div><!-- \/.tb-column-inner -->\n\t\t\t\t\t<\/div>\n\t\t<!-- \/.tb-column -->\n\t\t\n\t\t\n\t\t\t\t\t\t\t\t\n\t\t\t\t\t\t\t\t\n\t\t\t\t\t\t\t\n\t\t\t\t\t\t<\/div>\n\t\t\t\t\t\t<!-- \/row_inner -->\n\t\t\t\t\t<\/div>\n\t\t\t\t\t<!-- \/row_inner_wrapper -->\n\t\t\t\t<\/div>\n\t\t\t\t<!-- \/module_row -->\n\t\t\t\t\t<!-- module_row -->\n\t\t\t<div  data-gutter=\"gutter-default\" class=\"themify_builder_row themify_builder_2583_row module_row module_row_3 clearfix gutter-default col_align_top fullwidth\" data-equal-column-height=\"\" data-column-alignment=\"col_align_top\">\n\n\t\t\n\t\t\t\t\n\t\t\t\t<div class=\"row_inner_wrapper\">\n\t\t\t\t\t<div class=\"row_inner\">\n\n\t\t\t\t\t\t\n\t\t\t\t\t\t\n\t\t\t\t\t\t\t\n\t\t<div  class=\"col-full first tb-column  tb_2583_column module_column_0 module_column\" >\n\n\t\t\t\n\t\t\t\n\t\t\t<div class=\"tb-column-inner\">\n\n\t\t\t\t\n\t\t\t\t\n\t\t\t\t\t\n<!-- module text -->\n<div id=\"text-2583-3-0-1\" class=\"module module-text text-2583-3-0-1   \">\n\t\n\t\n\t<p><iframe loading=\"lazy\" src=\"https:\/\/www.google.com\/maps\/d\/embed?mid=zga9nNftpRmM.kDZadpBl1MFw\" width=\"100%\" height=\"480\"><\/iframe><\/p>\n\t<\/div>\n<!-- \/module text -->\n\n\t\t\t\t\n\t\t\t<\/div><!-- \/.tb-column-inner -->\n\t\t\t\t\t<\/div>\n\t\t<!-- \/.tb-column -->\n\t\t\n\t\t\n\t\t\t\t\t\t\t\t\n\t\t\t\t\t\t\t\t\n\t\t\t\t\t\t\t\n\t\t\t\t\t\t<\/div>\n\t\t\t\t\t\t<!-- \/row_inner -->\n\t\t\t\t\t<\/div>\n\t\t\t\t\t<!-- \/row_inner_wrapper -->\n\t\t\t\t<\/div>\n\t\t\t\t<!-- \/module_row -->\n\t\t\t\t\t<!-- module_row -->\n\t\t\t<div  data-gutter=\"gutter-default\" class=\"themify_builder_row themify_builder_2583_row module_row module_row_4 clearfix gutter-default col_align_top\" data-equal-column-height=\"\" data-column-alignment=\"col_align_top\">\n\n\t\t\n\t\t\t\t\n\t\t\t\t<div class=\"row_inner_wrapper\">\n\t\t\t\t\t<div class=\"row_inner\">\n\n\t\t\t\t\t\t\n\t\t\t\t\t\t\n\t\t\t\t\t\t\t\n\t\t<div  class=\"col-full first tb-column empty-column tb_2583_column module_column_0 module_column\" >\n\n\t\t\t\n\t\t\t\n\t\t\t<div class=\"tb-column-inner\">\n\n\t\t\t\t\n\t\t\t\t\n\t\t\t\t\t&nbsp;\n\t\t\t\t\n\t\t\t<\/div><!-- \/.tb-column-inner -->\n\t\t\t\t\t<\/div>\n\t\t<!-- \/.tb-column -->\n\t\t\n\t\t\n\t\t\t\t\t\t\t\t\n\t\t\t\t\t\t\t\t\n\t\t\t\t\t\t\t\n\t\t\t\t\t\t<\/div>\n\t\t\t\t\t\t<!-- \/row_inner -->\n\t\t\t\t\t<\/div>\n\t\t\t\t\t<!-- \/row_inner_wrapper -->\n\t\t\t\t<\/div>\n\t\t\t\t<!-- \/module_row -->\n\t\t<\/div>\n<!-- \/themify_builder_content -->","protected":false},"excerpt":{"rendered":"<p>Hotel GirasoleCorso Italia 30280067 Sorrento (NA)+39 081 8073082 \u2013 +39 081 8071293 (fax)Mail: info@hotelgirasole.com&#8211;F\u00fcr mehr Informationen, f\u00fcllen Sie bitte das Kontaktformular, antworten wir so bald wie m\u00f6glich. Thanks!<div role=\"form\" class=\"wpcf7\" id=\"wpcf7-f2591-o2\" lang=\"de-DE\" dir=\"ltr\">\n<div class=\"screen-reader-response\"><p role=\"status\" aria-live=\"polite\" aria-atomic=\"true\"><\/p> <ul><\/ul><\/div>\n<form action=\"\/de\/wp-json\/wp\/v2\/pages\/2583#wpcf7-f2591-o2\" method=\"post\" class=\"wpcf7-form init\" novalidate=\"novalidate\" data-status=\"init\">\n<div style=\"display: none;\">\n<input type=\"hidden\" name=\"_wpcf7\" value=\"2591\" \/>\n<input type=\"hidden\" name=\"_wpcf7_version\" value=\"5.4\" \/>\n<input type=\"hidden\" name=\"_wpcf7_locale\" value=\"de_DE\" \/>\n<input type=\"hidden\" name=\"_wpcf7_unit_tag\" value=\"wpcf7-f2591-o2\" \/>\n<input type=\"hidden\" name=\"_wpcf7_container_post\" value=\"0\" \/>\n<input type=\"hidden\" name=\"_wpcf7_posted_data_hash\" value=\"\" \/>\n<input type=\"hidden\" name=\"_wpcf7_recaptcha_response\" value=\"\" \/>\n<\/div>\n<p class=\"piccolo\">felder mit einem * sind pflicht<\/p>\n<p>Name und Nachname *<br \/>\n    <span class=\"wpcf7-form-control-wrap your-name\"><input type=\"text\" name=\"your-name\" value=\"\" size=\"40\" class=\"wpcf7-form-control wpcf7-text wpcf7-validates-as-required\" aria-required=\"true\" aria-invalid=\"false\" \/><\/span> <\/p>\n<p>Mail *<br \/>\n    <span class=\"wpcf7-form-control-wrap your-email\"><input type=\"email\" name=\"your-email\" value=\"\" size=\"40\" class=\"wpcf7-form-control wpcf7-text wpcf7-email wpcf7-validates-as-required wpcf7-validates-as-email\" aria-required=\"true\" aria-invalid=\"false\" \/><\/span> <\/p>\n<p>Ph.<br \/>\n   <span class=\"wpcf7-form-control-wrap tel-393\"><input type=\"tel\" name=\"tel-393\" value=\"\" size=\"40\" class=\"wpcf7-form-control wpcf7-text wpcf7-tel wpcf7-validates-as-tel\" aria-invalid=\"false\" \/><\/span><\/p>\n<p>Info<br \/>\n    <span class=\"wpcf7-form-control-wrap your-message\"><textarea name=\"your-message\" cols=\"40\" rows=\"10\" class=\"wpcf7-form-control wpcf7-textarea\" aria-invalid=\"false\"><\/textarea><\/span> <\/p>\n<p>Dichiaro di avere preso visione dell'informativa per il <a href=\"https:\/\/www.hotelgirasole.com\/privacy-policy\/\">trattamento dei dati personali<\/a> e di averla integralmente compresa ed accettata<\/p>\n<p>Axt <span class=\"wpcf7-form-control-wrap acceptance-759\"><span class=\"wpcf7-form-control wpcf7-acceptance\"><span class=\"wpcf7-list-item\"><input type=\"checkbox\" name=\"acceptance-759\" value=\"1\" aria-invalid=\"false\" checked=\"checked\" \/><\/span><\/span><\/span>\n<p><span class=\"wpcf7-form-control-wrap quiz-211\"><label><span class=\"wpcf7-quiz-label\">2 + 2 = ?<\/span> <input type=\"text\" name=\"quiz-211\" size=\"40\" class=\"wpcf7-form-control wpcf7-quiz\" autocomplete=\"off\" aria-required=\"true\" aria-invalid=\"false\" \/><\/label><input type=\"hidden\" name=\"_wpcf7_quiz_answer_quiz-211\" value=\"0e0531cf4251715bb68026a4d064b80e\" \/><\/span><\/p>\n<p><input type=\"submit\" value=\"Senden\" class=\"wpcf7-form-control wpcf7-submit\" \/><\/p>\n<div class=\"wpcf7-response-output\" aria-hidden=\"true\"><\/div><\/form><\/div><\/p>\n","protected":false},"author":1,"featured_media":0,"parent":0,"menu_order":0,"comment_status":"open","ping_status":"open","template":"","meta":[],"yoast_head":"<!-- This site is optimized with the Yoast SEO plugin v16.0.2 - https:\/\/yoast.com\/wordpress\/plugins\/seo\/ -->\n<title>Kontaktdaten Hotel Girasole Sorrento | 3 Sterne Hotel Sorrento<\/title>\n<meta name=\"description\" content=\"Hotel Sunflower bietet ihren Kontaktdaten, Ihnen die Gelegenheit, um Ihre Fragen zu dienen, um Ihren Urlaub in Sorrent buchen Fragen geben\" \/>\n<link rel=\"canonical\" href=\"https:\/\/www.hotelgirasole.com\/de\/kontakte\/\" \/>\n<meta property=\"og:locale\" content=\"de_DE\" \/>\n<meta property=\"og:type\" content=\"article\" \/>\n<meta property=\"og:title\" content=\"Kontaktdaten Hotel Girasole Sorrento | 3 Sterne Hotel Sorrento\" \/>\n<meta property=\"og:description\" content=\"Hotel Sunflower bietet ihren Kontaktdaten, Ihnen die Gelegenheit, um Ihre Fragen zu dienen, um Ihren Urlaub in Sorrent buchen Fragen geben\" \/>\n<meta property=\"og:url\" content=\"https:\/\/www.hotelgirasole.com\/de\/kontakte\/\" \/>\n<meta property=\"og:site_name\" content=\"Hotel Girasole\" \/>\n<meta property=\"article:modified_time\" content=\"2019-06-14T14:22:22+00:00\" \/>\n<meta name=\"twitter:card\" content=\"summary\" \/>\n<script type=\"application\/ld+json\" class=\"yoast-schema-graph\">{\"@context\":\"https:\/\/schema.org\",\"@graph\":[{\"@type\":\"WebSite\",\"@id\":\"https:\/\/www.hotelgirasole.com\/en\/#website\",\"url\":\"https:\/\/www.hotelgirasole.com\/en\/\",\"name\":\"Hotel Girasole\",\"description\":\"Ph.+39 0818073082 - info@hotelgirasole.com\",\"potentialAction\":[{\"@type\":\"SearchAction\",\"target\":\"https:\/\/www.hotelgirasole.com\/en\/?s={search_term_string}\",\"query-input\":\"required name=search_term_string\"}],\"inLanguage\":\"de\"},{\"@type\":\"WebPage\",\"@id\":\"https:\/\/www.hotelgirasole.com\/de\/kontakte\/#webpage\",\"url\":\"https:\/\/www.hotelgirasole.com\/de\/kontakte\/\",\"name\":\"Kontaktdaten Hotel Girasole Sorrento | 3 Sterne Hotel Sorrento\",\"isPartOf\":{\"@id\":\"https:\/\/www.hotelgirasole.com\/en\/#website\"},\"datePublished\":\"2015-06-11T14:37:33+00:00\",\"dateModified\":\"2019-06-14T14:22:22+00:00\",\"description\":\"Hotel Sunflower bietet ihren Kontaktdaten, Ihnen die Gelegenheit, um Ihre Fragen zu dienen, um Ihren Urlaub in Sorrent buchen Fragen geben\",\"breadcrumb\":{\"@id\":\"https:\/\/www.hotelgirasole.com\/de\/kontakte\/#breadcrumb\"},\"inLanguage\":\"de\",\"potentialAction\":[{\"@type\":\"ReadAction\",\"target\":[\"https:\/\/www.hotelgirasole.com\/de\/kontakte\/\"]}]},{\"@type\":\"BreadcrumbList\",\"@id\":\"https:\/\/www.hotelgirasole.com\/de\/kontakte\/#breadcrumb\",\"itemListElement\":[{\"@type\":\"ListItem\",\"position\":1,\"item\":{\"@type\":\"WebPage\",\"@id\":\"https:\/\/www.hotelgirasole.com\/de\/\",\"url\":\"https:\/\/www.hotelgirasole.com\/de\/\",\"name\":\"Home\"}},{\"@type\":\"ListItem\",\"position\":2,\"item\":{\"@type\":\"WebPage\",\"@id\":\"https:\/\/www.hotelgirasole.com\/de\/kontakte\/\",\"url\":\"https:\/\/www.hotelgirasole.com\/de\/kontakte\/\",\"name\":\"Kontakte\"}}]}]}<\/script>\n<!-- \/ Yoast SEO plugin. -->","_links":{"self":[{"href":"https:\/\/www.hotelgirasole.com\/de\/wp-json\/wp\/v2\/pages\/2583"}],"collection":[{"href":"https:\/\/www.hotelgirasole.com\/de\/wp-json\/wp\/v2\/pages"}],"about":[{"href":"https:\/\/www.hotelgirasole.com\/de\/wp-json\/wp\/v2\/types\/page"}],"author":[{"embeddable":true,"href":"https:\/\/www.hotelgirasole.com\/de\/wp-json\/wp\/v2\/users\/1"}],"replies":[{"embeddable":true,"href":"https:\/\/www.hotelgirasole.com\/de\/wp-json\/wp\/v2\/comments?post=2583"}],"version-history":[{"count":4,"href":"https:\/\/www.hotelgirasole.com\/de\/wp-json\/wp\/v2\/pages\/2583\/revisions"}],"predecessor-version":[{"id":5164,"href":"https:\/\/www.hotelgirasole.com\/de\/wp-json\/wp\/v2\/pages\/2583\/revisions\/5164"}],"wp:attachment":[{"href":"https:\/\/www.hotelgirasole.com\/de\/wp-json\/wp\/v2\/media?parent=2583"}],"curies":[{"name":"wp","href":"https:\/\/api.w.org\/{rel}","templated":true}]}}